{"id":2712,"date":"2017-04-22T22:26:38","date_gmt":"2017-04-22T20:26:38","guid":{"rendered":"http:\/\/sebastiandiezig.com\/wordpress\/?page_id=2712"},"modified":"2020-02-27T12:55:26","modified_gmt":"2020-02-27T10:55:26","slug":"konzerte-2018","status":"publish","type":"page","link":"https:\/\/sebastiandiezig.com\/wordpress\/konzerte-2018\/","title":{"rendered":"Konzerte 2018 (Archiv)"},"content":{"rendered":"<h2>FEBRUAR\u00a02018<\/h2>\n<p><strong>Mo, 26.2.2018, 15h,\u00a0Meggen, Privates Konzert<\/strong><\/p>\n<div class=\"layoutArea\">\n<div class=\"column\">\n<p>Aus den Suiten f\u00fcr Cello solo von J.-S. Bach<\/p>\n<p>Sebastian Diezig, Cello<\/p>\n<\/div>\n<\/div>\n<div class=\"layoutArea\">&#8212;<\/div>\n<h2>M\u00c4RZ 2018<\/h2>\n<p><strong>Sa, 10.3.2018, 19h, Reformierte Kirche Weinbergli Luzern<\/strong><\/p>\n<div class=\"layoutArea\">\n<div class=\"column\">\n<p>Leo\u0161 Jan\u00e1\u010dek Streichquartett Nr.2 (1928) \u201eIntime Briefe\u201c<br \/>\nRobert Schumann Streichquartett A-Dur op.41 Nr.3 (1842)<\/p>\n<\/div>\n<\/div>\n<div class=\"layoutArea\">\n<div class=\"column\">\n<p>Vector Quartett<br \/>\nDenitza Kucera, Violine<br \/>\nReiko Koi, Violine<br \/>\nBernd Haag, Viola<br \/>\nSebastian Diezig, Cello<\/p>\n<\/div>\n<\/div>\n<p>&#8212;<\/p>\n<p><strong>So, 18.3.2018, Luzern, Theater (Foyer)<\/strong><\/p>\n<div class=\"page\" title=\"Page 2\">\n<div class=\"layoutArea\">\n<div class=\"column\">\n<p>Leo\u0161 Jan\u00e1\u010dek Streichquartett Nr.2 (1928) \u201eIntime Briefe\u201c<br \/>\nRobert Schumann Streichquartett A-Dur op.41 Nr.3 (1842)<\/p>\n<\/div>\n<\/div>\n<div class=\"layoutArea\">\n<div class=\"column\">\n<p>Vector Quartett<br \/>\nDenitza Kucera, Violine<br \/>\nReiko Koi, Violine<br \/>\nBernd Haag, Viola<br \/>\nSebastian Diezig, Cello<\/p>\n<p>&#8212;<\/p>\n<h2>MAI\u00a02018<\/h2>\n<p><strong>Fr, 18.5.2018, 20h,\u00a0St. Ursen, Kirche<\/strong><\/p>\n<div class=\"layoutArea\">Programm wird sp\u00e4ter bekannt gegeben.<\/div>\n<\/div>\n<div class=\"column\">\n<p>Silvia Nowak, Blockfl\u00f6te und Cembalo<br \/>\nBernard Maillard, Tenor<br \/>\nPaula Novoa, Violine<br \/>\nSebastian Diezig, Cello<\/p>\n<p>&#8212;<\/p>\n<h2>JUNI 2018<\/h2>\n<p><strong>Sa, 16.6.2018, Sempach<\/strong><\/p>\n<p>Konzert mit Vector Quartett und Andrea Stocker (Akkordeon)<\/p>\n<p>Beethoven: &#8220;Serioso&#8221; Quartett<br \/>\nWolf: Italienische Serenade<br \/>\nSwider: Aus der Suite f\u00fcr Akkordeon und Streichquartett<br \/>\nPiazzolla: Tangos<\/p>\n<p>&#8212;<\/p>\n<h2>JULI\u00a02018<\/h2>\n<p><strong>Fr, 13.7.2018,\u00a0Gaschurn (\u00d6sterreich)<\/strong><\/p>\n<h5>&#8220;Pianinen und sonstige Cellikatessen&#8221;<\/h5>\n<div class=\"page\" title=\"Page 2\">Schubert\/Rachmaninov, Ich h\u00f6rt&#8217; ein B\u00e4chlein rauschen (Klavier solo)<br \/>\nLudwig van Beethoven, Sonate f\u00fcr Violoncello und Klavier Nr. 5 in D-Dur<br \/>\n** Pause **<br \/>\nDiezig, Blues (2007) (Cello solo)<br \/>\nEdvard Grieg, Sonate f\u00fcr Violoncello und Klavier in a-moll op 36<\/div>\n<p class=\"page\" title=\"Page 2\">Carla Deplazes, Klavier<br \/>\nSebastian Diezig, Cello<\/p>\n<div class=\"page\" title=\"Page 2\">\n<p>&#8212;<\/p>\n<p><strong>Fr, 20.7.2018, 15h, Meggen, Privates Konzert<\/strong><\/p>\n<p>Aus den Suiten f\u00fcr Cello solo von J.-S. Bach<\/p>\n<p>Sebastian Diezig, Cello<\/p>\n<p>&#8212;<\/p>\n<h2>AUGUST 2018<\/h2>\n<p><strong>Sa, 18.8.2018, 9h15,\u00a0Sachseln,\u00a0Privates Konzert<\/strong><\/p>\n<p>Aus den Bach-Suiten<\/p>\n<p>Sebastian Diezig, Cello<\/p>\n<div class=\"page\" title=\"Page 2\">\n<p>&#8212;<\/p>\n<\/div>\n<h2>OKTOBER 2018<\/h2>\n<p><strong>Di, 9.10.2018, Plovdiv (Bulgarien)<\/strong><\/p>\n<p>Masterclass<\/p>\n<p>\u2014<\/p>\n<p><strong>Mi, 10.10.2018, 19h30, Plovdiv (Bulgarien)<\/strong><\/p>\n<p>Mozart: Streichquartett in F-Dur KV 590 (\u201ePreussisches Nr. 3\u201c)<br \/>\nBrahms: Streichquartett Nr. 1 in c-moll op. 51<\/p>\n<p>&#8212;<\/p>\n<p><strong>Fr, 26.10.2018, Luzern, Datum provisorisch reserviert<\/strong><\/p>\n<p>&#8220;Blind Date&#8221; Konzert des Luzerner Sinfonieorchesters<br \/>\nAlle Bach&#8217;schen Solocello-Suiten gespielt von Cellisten des Luzerner Sinfonieorchesters<\/p>\n<p>Bach-Suite\u00a0Nr. 2 in d-moll<\/p>\n<p>Sebastian Diezig, Cello<\/p>\n<\/div>\n<\/div>\n<p>&#8212;<\/p>\n<div class=\"column\">\n<div class=\"page\" title=\"Page 2\">\n<h2>NOVEMBER 2018<\/h2>\n<h5>Zyklus \u201e5 Jahre Vector Quartett Luzern\u201c<\/h5>\n<p><strong>Samstag, 3. November 2018, 19h, International Church Luzern (Z\u00e4hringerstr. 7)<\/strong><br \/>\nMozart: Streichquartett in F-Dur KV 590 (\u201ePreussisches Nr. 3\u201c)<br \/>\nBrahms: Streichquartett Nr. 1 in c-moll op. 51<\/p>\n<p>&#8212;<\/p>\n<p><strong>Sonntag, 25.11.2018, 10h00, Alpnach<br \/>\n<\/strong>Gottesdienst zum Ewigkeitssonntag<\/p>\n<p>Joseph Rheinberger, Drei St\u00fccke f\u00fcr Violoncello und Orgel op. 150<\/p>\n<p>Erwin Mattmann, Orgel<br \/>\nSebastian Diezig, Cello<\/p>\n<p>&#8212;<\/p>\n<h2>DEZEMBER\u00a02018<\/h2>\n<p><strong>So, 9.12.2018, 16h, Thun, Markuskirche<\/strong><\/p>\n<div class=\"page\" title=\"Page 2\">Dvorak Miniaturen op. 75a<br \/>\nMozart Divertimento f\u00fcr Streichtrio<\/div>\n<p class=\"page\" title=\"Page 2\">Jonas Erni, Violine<br \/>\nAlexander Besa, Bratsche<br \/>\nSebastian Diezig, Cello<\/p>\n<p class=\"page\" title=\"Page 2\">&#8212;<\/p>\n<p class=\"page\" title=\"Page 2\"><strong>So, 30.12.2018, 17h, Blitzingen, Kirche<\/strong><\/p>\n<p class=\"page\" title=\"Page 2\">Silvia Nowak, Blockfl\u00f6ten &amp; Cembalo<br \/>\nPaula Novoa, Violine<br \/>\nBernard Maillard, Tenor<br \/>\nSebastian Diezig, Cello<\/p>\n<p class=\"page\" title=\"Page 2\">Programm wird sp\u00e4ter bekannt gegeben.<\/p>\n<div class=\"page\" title=\"Page 2\"><\/div>\n<\/div>\n<\/div>\n<\/div>\n<\/div>\n","protected":false},"excerpt":{"rendered":"<p>FEBRUAR\u00a02018 Mo, 26.2.2018, 15h,\u00a0Meggen, Privates Konzert Aus den Suiten f\u00fcr Cello solo von J.-S. Bach Sebastian Diezig, Cello &#8212; M\u00c4RZ 2018 Sa, 10.3.2018, 19h, Reformierte Kirche Weinbergli Luzern Leo\u0161 Jan\u00e1\u010dek Streichquartett Nr.2 (1928) \u201eIntime Briefe\u201c Robert Schumann Streichquartett A-Dur op.41 Nr.3 (1842) Vector Quartett Denitza Kucera, Violine Reiko Koi, Violine Bernd Haag, Viola Sebastian Diezig, [&hellip;]<\/p>\n","protected":false},"author":1,"featured_media":2867,"parent":0,"menu_order":0,"comment_status":"closed","ping_status":"closed","template":"","meta":{"footnotes":""},"class_list":["post-2712","page","type-page","status-publish","has-post-thumbnail","hentry"],"jetpack_sharing_enabled":true,"_links":{"self":[{"href":"https:\/\/sebastiandiezig.com\/wordpress\/wp-json\/wp\/v2\/pages\/2712","targetHints":{"allow":["GET"]}}],"collection":[{"href":"https:\/\/sebastiandiezig.com\/wordpress\/wp-json\/wp\/v2\/pages"}],"about":[{"href":"https:\/\/sebastiandiezig.com\/wordpress\/wp-json\/wp\/v2\/types\/page"}],"author":[{"embeddable":true,"href":"https:\/\/sebastiandiezig.com\/wordpress\/wp-json\/wp\/v2\/users\/1"}],"replies":[{"embeddable":true,"href":"https:\/\/sebastiandiezig.com\/wordpress\/wp-json\/wp\/v2\/comments?post=2712"}],"version-history":[{"count":40,"href":"https:\/\/sebastiandiezig.com\/wordpress\/wp-json\/wp\/v2\/pages\/2712\/revisions"}],"predecessor-version":[{"id":3592,"href":"https:\/\/sebastiandiezig.com\/wordpress\/wp-json\/wp\/v2\/pages\/2712\/revisions\/3592"}],"wp:featuredmedia":[{"embeddable":true,"href":"https:\/\/sebastiandiezig.com\/wordpress\/wp-json\/wp\/v2\/media\/2867"}],"wp:attachment":[{"href":"https:\/\/sebastiandiezig.com\/wordpress\/wp-json\/wp\/v2\/media?parent=2712"}],"curies":[{"name":"wp","href":"https:\/\/api.w.org\/{rel}","templated":true}]}}