{"id":3010,"date":"2018-02-21T13:00:32","date_gmt":"2018-02-21T11:00:32","guid":{"rendered":"http:\/\/sebastiandiezig.com\/wordpress\/?page_id=3010"},"modified":"2020-02-27T12:55:35","modified_gmt":"2020-02-27T10:55:35","slug":"konzerte-2019","status":"publish","type":"page","link":"https:\/\/sebastiandiezig.com\/wordpress\/konzerte-2019\/","title":{"rendered":"Konzerte 2019 (Archiv)"},"content":{"rendered":"<h2>JANUAR 2019<\/h2>\n<p><strong>Sonntag, 6.1.2019 um 17h, Luzern, Marianischer Saal<\/strong><\/p>\n<p>Georgs Pelecis: &#8220;Entrada&#8221; (Urauff\u00fchrung)<br \/>\nWolfgang Amadeus Mozart: Streichquintett B-Dur, KV 174<br \/>\nFelix Mendelssohn-Barholdy: Oktett Es-Dur, op. 20<\/p>\n<p>Brigitte Lang, Violine<br \/>\nChristine Gallati, Violine<br \/>\nDaniela M\u00fcller, Violine<br \/>\nKeiko Yamaguchi, Violine<br \/>\nMarkus Wieser, Viola<br \/>\nCornel Anderes, Viola<br \/>\nGerhard Pawlica, Violoncello<br \/>\nSebastian Diezig, Violoncello<\/p>\n<p>&#8212;<\/p>\n<h2>FEBRUAR\u00a02019<\/h2>\n<p><strong>Sonntag, 3.2.2019 um 11h, Luzern,\u00a0Theater (Foyer)<\/strong><\/p>\n<p>Othmar Schoeck: Streichquartett Nr. 1 op. 23 (1913)<br \/>\nGiuseppe Verdi: Streichquartett e-moll (1873)<\/p>\n<p>Vector Quartett<\/p>\n<p>&#8212;<\/p>\n<h2>M\u00c4RZ 2019<\/h2>\n<h5>Zyklus \u201e5 Jahre Vector Quartett Luzern\u201c<\/h5>\n<p><strong>Samstag, 9. M\u00e4rz 2019, 19h, International Church Luzern (Z\u00e4hringerstr. 7)<\/strong><\/p>\n<p>Haydn:\u00a0Streichquartett op. 77 Nr. 1 in G-Dur \u201eKomplimentierquartett\u201c<br \/>\nBrahms: Streichquartett Nr. 2 in a-moll op. 51<\/p>\n<p>&#8212;<\/p>\n<h2>APRIL\u00a02019<\/h2>\n<p><strong>Sonntag, 7.4.2019, 20h30, Fribourg, Caf\u00e9 du B\u00e9lv\u00e9d\u00e8re<\/strong><\/p>\n<p>Olivier Lattion: Klaviertrio (Urauff\u00fchrung)<br \/>\nJohannes Brahms: Klaviertrio op. 8 Nr. 1 in H-Dur<\/p>\n<p>Olivier Lattion, Klavier<br \/>\nPaula Novoa, Violine<br \/>\nSebastian Diezig, Cello<\/p>\n<p>&#8212;<\/p>\n<p><strong>Sa, 13.4.2019, 14h, Spiez, Privates Konzert<\/strong><\/p>\n<p>Aus der 4. Bach-Suite f\u00fcr Cello solo<\/p>\n<p>Sebastian Diezig, Cello<\/p>\n<p>&#8212;<\/p>\n<p><strong>So, 21.4.2019, 12h15, Luzern, Caf\u00e9 Kunstmuseum Luzern<\/strong><\/p>\n<p>&#8220;Blind Date&#8221; Konzert des Luzerner Sinfonieorchesters<br \/>\nAlle sechs Bach&#8217;schen Solocello-Suiten mit Cellisten des Luzerner Sinfonieorchesters<\/p>\n<p>Bach-Suite Nr. 4 in Es-Dur<\/p>\n<p>Sebastian Diezig, Cello<\/p>\n<p>&#8212;<\/p>\n<h2>MAI 2019<\/h2>\n<p><strong>Freitag, 3.5.2019, Bulle, Privates Konzert<\/strong><\/p>\n<p>Olivier Lattion: Klaviertrio (Urauff\u00fchrung)<br \/>\nJohannes Brahms: Klaviertrio op. 8 Nr. 1 in H-Dur<\/p>\n<p>Olivier Lattion, Klavier<br \/>\nPaula Novoa, Violine<br \/>\nSebastian Diezig, Cello<\/p>\n<h5>&#8212;<\/h5>\n<p><strong>Sonntag, 5.5.2019, 17h, Schooswaldkapelle Emmenbr\u00fccke<\/strong><\/p>\n<p>Beethoven: Streichquartett op. 95, Nr. 11 in f-moll (&#8220;Serioso&#8221;)<br \/>\nBrahms: Streichquartett Nr. 3 in B-Dur op. 67<\/p>\n<p>Vector Quartett Luzern<\/p>\n<p>&#8212;<\/p>\n<h5>Zyklus \u201e5 Jahre Vector Quartett Luzern\u201c<\/h5>\n<p><strong>Samstag, 18.5.2019, 19h, International Church Luzern (Z\u00e4hringerstr. 7)<\/strong><\/p>\n<p>Beethoven: Streichquartett op. 95, Nr. 11 in f-moll (\u201eSerioso\u201c)<br \/>\nBrahms: Streichquartett Nr. 3 in B-Dur op. 67<\/p>\n<p>&#8212;<\/p>\n<p><strong>Sonntag, 19.5.2019, Luzern, Privates Konzert<\/strong><\/p>\n<p>Haydn, Francini, Mores, Elgar etc.<\/p>\n<p>Vector Quartett Luzern<\/p>\n<p>&#8212;<\/p>\n<h2>JUNI 2019<\/h2>\n<p><strong>Freitag, 7.6.2019, 20:00, St. Ursen, Kirche<\/strong><\/p>\n<p>Silvia Nowak, Blockfl\u00f6te und Cembalo<br \/>\nPaula Novoa, Violine<br \/>\nBernard Maillard, Tenor<br \/>\nSebastian Diezig, Cello<\/p>\n<p>&#8212;<\/p>\n<h2>JULI 2019<\/h2>\n<p><strong>Freitag, 5.7.2019 (nicht \u00f6ffentlich)<\/strong><\/p>\n<p>Studioaufnahmen f\u00fcr Olivier Lattion Klaviertrio &#8220;Moonphase Trio&#8221;<\/p>\n<p>Olivier Lattion, Klavier<br \/>\nPaula Novoa, Violine<br \/>\nSebastian Diezig, Cello<\/p>\n<p>&#8212;<\/p>\n<h2>AUGUST\u00a02019<\/h2>\n<p><strong>Sonntag, 4.8.2019, 11h30, Festivalzelt Gstaad<\/strong><\/p>\n<p>Franz\u00f6sische Chansons in Bearbeitungen von Meinrad Koch f\u00fcr Solostimme und Orchester<br \/>\nSaint-Sa\u00ebns: Cellokonzert Nr. 1 in a-moll op. 33<br \/>\nTchaikovsky: Sinfonie Nr. 6 h-moll op. 74 &#8220;Path\u00e9tique&#8221;<\/p>\n<p>Play@Gstaad Menuhin Festival Amateurorchester<br \/>\nKevin Griffiths, Dirigent<br \/>\nSebastian Diezig, Cello<\/p>\n<p>&#8212;<\/p>\n<h2>SEPTEMBER 2019<\/h2>\n<p><strong>Sonntag, 22.9.2019, 11h, Luzern, Theater (Foyer)<\/strong><\/p>\n<p>Schoeck: Streichquartett Nr. 2 in C-Dur op. 37<br \/>\nBartok: Streichquartett Nr. 6 Sz 114 (1939)<\/p>\n<p>Vector Quartett Luzern<\/p>\n<p>&#8212;<\/p>\n<h2>OKTOBER 2019<\/h2>\n<p><strong>Freitag, 11.10.2019, Horw (Privates Konzert)<\/strong><\/p>\n<p>Aus der Cellosuite Nr. 1 von J.S. Bach<\/p>\n<p>&#8212;<\/p>\n<p><strong>Freitag, 18.10.2019, 17h, Bern, Aula der Universit\u00e4t Bern (Hauptgeb\u00e4ude)<\/strong><\/p>\n<p>\u00d6ffentliche Feier zur Verleihung des 21. Dr. Josef Steiner Krebsforschungspreises 2019<\/p>\n<p>Beethoven: Streichquartett Nr. 11 in f-moll, op. 95, &#8220;Serioso<br \/>\nMozart: Divertimento in D, KV 136<\/p>\n<p>Vector Quartett Luzern<\/p>\n<p>&#8212;<\/p>\n<h2>NOVEMBER 2019<\/h2>\n<p><strong>Montag, 4.11.2019, 19h, Regenstauf (D)<br \/>\n<\/strong><\/p>\n<p><a href=\"https:\/\/www.keb-regensburg-land.de\/keb-katholische-erwachsenenbildung\/\">Katholische Erwachsenenbildung Regensburg Land<\/a><br \/>\nSeminar zum Thema &#8220;Disziplin&#8221;<\/p>\n<div><i>Johann Sebastian Bach (1685-1750): Aus der Cellosuite Nr. 1 in G-Dur BWV 1007:<\/i><\/div>\n<div>I. Pr\u00e4ludium<\/div>\n<div>II. Allemande<\/div>\n<div>IV. Sarabande<\/div>\n<div>VI. Gigue<\/div>\n<div><\/div>\n<div><i>Sebastian Diezig (1983):\u00a0<\/i><\/div>\n<div>Blues op. 1 (2007)<\/div>\n<p>&#8212;<\/p>\n<h2>DEZEMBER 2019<\/h2>\n<p><strong>Sonntag, 1.12.2019, 17h,\u00a0Fribourg, Aula der Universit\u00e4t<\/strong><\/p>\n<p>Dittersdorf: Sinfonie in C-Dur &#8220;Die vier Weltalter&#8221;<br \/>\nTschaikowsky: Rokoko Variationen op. 33<br \/>\nDvorak: Sinfonie Nr. 9 in e-moll op. 95 &#8220;Aus der neuen Welt&#8221;<\/p>\n<p>Orchestre de la Ville et de l&#8217;Universit\u00e9 de Fribourg<br \/>\nAlexandru Ianos, Dirigent<br \/>\nSebastian Diezig, Cello<\/p>\n<p>&#8212;<\/p>\n<p><strong>Freitag, 13.12.2019, Luzern, Privates Konzert<\/strong><\/p>\n<p>Mozart: Divertimento F-Dur<br \/>\nDvorak: Amerikanisches 2. Satz<br \/>\nPiazzolla: Libertango<br \/>\nMascagni: Intermezzo<br \/>\nTeddy Bor: McMozart<br \/>\n<span style=\"color: #ffffff;\">Zugabe: Bart\u00f3k, 5. 6. und 7. Satz rum\u00e4nische Volkst\u00e4nze <\/span><\/p>\n<p>Jonas Erni, Violine<br \/>\nSari Ammann, Violine<br \/>\nAlexander Besa, Viola<br \/>\nSebastian Diezig, Cello<\/p>\n<p>&#8212;<\/p>\n<p><strong>Sonntag, 29.12.2019, 17h, Blitzingen, Kirche<\/strong><\/p>\n<p>Festliches Konzert zum Jahresausklang, anschliessend: Racletteplausch<\/p>\n<p>Leonardo Vinci: <em>Arie &#8220;Teco, s\u00ec, vengo anch&#8217;io&#8221;<\/em><br \/>\nGeorg Friedrich H\u00e4ndel: <em>Aus der Sonate I in c-moll: I. Largo, IV. Allegro<\/em><br \/>\nJohann Sebastian Bach: <em>Aus der Cellosuite Nr. 2 in d-moll BWV 1008: I. Pr\u00e4ludium<\/em><br \/>\nAntonio Vivaldi: <em>Aus den &#8220;Vier Jahreszeiten&#8221;: Violinkonzert &#8220;Sommer&#8221; in g-moll: I. Allegro non molto<\/em><br \/>\nWolfgang Amadeus Mozart: <em>Aus der Oper &#8220;Figaro&#8221;: Arie des Figaro<\/em><br \/>\nJohann Christian Bach: <em>Klavierkonzert Nr. 6 in G-Dur<\/em><br \/>\nJoseph Haydn: <em>Duo f\u00fcr Violine und Cello in D-Dur Hob VI:D1<\/em><br \/>\nWolfgang Amadeus Mozart: <em>Aus der Oper &#8220;Figaro&#8221;: Arie des Basilio<\/em><\/p>\n<p>Bernard Maillard, Tenor<br \/>\nSilvia Nowak, Blockfl\u00f6te &amp; Cembalo<br \/>\nPaula Novoa Diezig, Violine<br \/>\nSebastian Diezig, Cello<\/p>\n<p>&#8212;<\/p>\n","protected":false},"excerpt":{"rendered":"<p>JANUAR 2019 Sonntag, 6.1.2019 um 17h, Luzern, Marianischer Saal Georgs Pelecis: &#8220;Entrada&#8221; (Urauff\u00fchrung) Wolfgang Amadeus Mozart: Streichquintett B-Dur, KV 174 Felix Mendelssohn-Barholdy: Oktett Es-Dur, op. 20 Brigitte Lang, Violine Christine Gallati, Violine Daniela M\u00fcller, Violine Keiko Yamaguchi, Violine Markus Wieser, Viola Cornel Anderes, Viola Gerhard Pawlica, Violoncello Sebastian Diezig, Violoncello &#8212; FEBRUAR\u00a02019 Sonntag, 3.2.2019 um [&hellip;]<\/p>\n","protected":false},"author":1,"featured_media":1131,"parent":0,"menu_order":0,"comment_status":"closed","ping_status":"closed","template":"","meta":{"footnotes":""},"class_list":["post-3010","page","type-page","status-publish","has-post-thumbnail","hentry"],"jetpack_sharing_enabled":true,"_links":{"self":[{"href":"https:\/\/sebastiandiezig.com\/wordpress\/wp-json\/wp\/v2\/pages\/3010","targetHints":{"allow":["GET"]}}],"collection":[{"href":"https:\/\/sebastiandiezig.com\/wordpress\/wp-json\/wp\/v2\/pages"}],"about":[{"href":"https:\/\/sebastiandiezig.com\/wordpress\/wp-json\/wp\/v2\/types\/page"}],"author":[{"embeddable":true,"href":"https:\/\/sebastiandiezig.com\/wordpress\/wp-json\/wp\/v2\/users\/1"}],"replies":[{"embeddable":true,"href":"https:\/\/sebastiandiezig.com\/wordpress\/wp-json\/wp\/v2\/comments?post=3010"}],"version-history":[{"count":48,"href":"https:\/\/sebastiandiezig.com\/wordpress\/wp-json\/wp\/v2\/pages\/3010\/revisions"}],"predecessor-version":[{"id":3593,"href":"https:\/\/sebastiandiezig.com\/wordpress\/wp-json\/wp\/v2\/pages\/3010\/revisions\/3593"}],"wp:featuredmedia":[{"embeddable":true,"href":"https:\/\/sebastiandiezig.com\/wordpress\/wp-json\/wp\/v2\/media\/1131"}],"wp:attachment":[{"href":"https:\/\/sebastiandiezig.com\/wordpress\/wp-json\/wp\/v2\/media?parent=3010"}],"curies":[{"name":"wp","href":"https:\/\/api.w.org\/{rel}","templated":true}]}}