{"id":405,"date":"2013-08-25T15:28:21","date_gmt":"2013-08-25T13:28:21","guid":{"rendered":"http:\/\/sebastiandiezig.com\/wordpress\/?page_id=405"},"modified":"2014-12-30T23:55:12","modified_gmt":"2014-12-30T21:55:12","slug":"konzerte-2014","status":"publish","type":"page","link":"https:\/\/sebastiandiezig.com\/wordpress\/konzerte-2014\/","title":{"rendered":"Konzerte 2014 (Archiv)"},"content":{"rendered":"<h2><strong>JANUAR 2014<\/strong><\/h2>\n<p><a href=\"http:\/\/sebastiandiezig.com\/wordpress\/wp-content\/uploads\/2013\/08\/IMG_91561.jpg\"><img loading=\"lazy\" decoding=\"async\" class=\"alignnone size-thumbnail wp-image-1002\" src=\"http:\/\/sebastiandiezig.com\/wordpress\/wp-content\/uploads\/2013\/08\/IMG_91561-150x150.jpg\" alt=\"Sebastian-Diezig-Top-Gun-Pilot\" width=\"150\" height=\"150\" srcset=\"https:\/\/sebastiandiezig.com\/wordpress\/wp-content\/uploads\/2013\/08\/IMG_91561-150x150.jpg 150w, https:\/\/sebastiandiezig.com\/wordpress\/wp-content\/uploads\/2013\/08\/IMG_91561-scaled-324x324.jpg 324w, https:\/\/sebastiandiezig.com\/wordpress\/wp-content\/uploads\/2013\/08\/IMG_91561-scaled-100x100.jpg 100w\" sizes=\"auto, (max-width: 150px) 100vw, 150px\" \/><\/a><\/p>\n<p><b>So, 5.1.2014, 13h30, Privates Konzert (Kt. FR)<br \/>\n<\/b>Bach1, Top Gun Variations<\/p>\n<hr \/>\n<p>&nbsp;<\/p>\n<h2><strong>M\u00c4RZ 2014<\/strong><\/h2>\n<p><a href=\"http:\/\/sebastiandiezig.com\/wordpress\/wp-content\/uploads\/2013\/08\/Franz-Schubert.jpg\"><img loading=\"lazy\" decoding=\"async\" class=\"alignnone size-thumbnail wp-image-1001\" src=\"http:\/\/sebastiandiezig.com\/wordpress\/wp-content\/uploads\/2013\/08\/Franz-Schubert-150x150.jpg\" alt=\"Franz-Schubert\" width=\"150\" height=\"150\" srcset=\"https:\/\/sebastiandiezig.com\/wordpress\/wp-content\/uploads\/2013\/08\/Franz-Schubert-150x150.jpg 150w, https:\/\/sebastiandiezig.com\/wordpress\/wp-content\/uploads\/2013\/08\/Franz-Schubert-324x324.jpg 324w, https:\/\/sebastiandiezig.com\/wordpress\/wp-content\/uploads\/2013\/08\/Franz-Schubert-100x100.jpg 100w, https:\/\/sebastiandiezig.com\/wordpress\/wp-content\/uploads\/2013\/08\/Franz-Schubert.jpg 402w\" sizes=\"auto, (max-width: 150px) 100vw, 150px\" \/><\/a><\/p>\n<p><strong>Fr, 14.3.2014, 20:00, Basel<\/strong><br \/>\nPrivates Kammermusik-Konzert<br \/>\nSchubert Trio B-Dur, Schubert Sonatensatz f\u00fcr Klaviertrio<br \/>\nMit Anja R\u00f6hn (Violine), Sebastian Diezig (Cello) und Paul Suits (Klavier)<\/p>\n<p>&#8212;<\/p>\n<p><strong>So, 23.3.2014, 11:00, Luzern, Foyer des Luzerner Theaters<\/strong><br \/>\nKammermusikkonzerte des Luzerner Sinfonieorchesters<br \/>\nSchubert Trio B-Dur, Schubert Sonatensatz f\u00fcr Klaviertrio<br \/>\nMit Anja R\u00f6hn (Violine), Sebastian Diezig (Cello) und Paul Suits (Klavier)<\/p>\n<hr \/>\n<p>&nbsp;<\/p>\n<h2><strong>APRIL 2014<\/strong><\/h2>\n<p><a href=\"http:\/\/sebastiandiezig.com\/wordpress\/wp-content\/uploads\/2013\/03\/mozartputztseine.jpeg\"><img loading=\"lazy\" decoding=\"async\" class=\"alignnone size-thumbnail wp-image-296\" src=\"http:\/\/sebastiandiezig.com\/wordpress\/wp-content\/uploads\/2013\/03\/mozartputztseine-150x150.jpeg\" alt=\"mozartputztseine\" width=\"150\" height=\"150\" srcset=\"https:\/\/sebastiandiezig.com\/wordpress\/wp-content\/uploads\/2013\/03\/mozartputztseine-150x150.jpeg 150w, https:\/\/sebastiandiezig.com\/wordpress\/wp-content\/uploads\/2013\/03\/mozartputztseine-324x324.jpeg 324w, https:\/\/sebastiandiezig.com\/wordpress\/wp-content\/uploads\/2013\/03\/mozartputztseine-100x100.jpeg 100w\" sizes=\"auto, (max-width: 150px) 100vw, 150px\" \/><\/a><\/p>\n<p><strong>Fr, 18.4.2014, 17h,\u00a0<strong><strong><strong><strong><strong><strong><strong>Adligenswil Martinskeller<\/strong><\/strong><\/strong><\/strong><\/strong><\/strong><\/strong><\/strong><\/p>\n<p>Vector Quartett mit Denitza Kucera und Reiko Koi (Violinen), Bernd Haag (Viola) und Sebastian Diezig (Cello) sowie Alexander Besa (Viola)<br \/>\nW. A. Mozart: Streichquintett Nr.3, C-Dur, KV 515 (1787)<br \/>\nW. A. Mozart: Streichquintett Nr.4, g-Moll, KV 516 (1787)<\/p>\n<p>&#8212;<\/p>\n<p><strong><strong>So, 20.4.2014, 17h,\u00a0<strong><strong><strong><strong><strong><strong><strong>Luzern, Kirche Weinbergli<\/strong><\/strong><\/strong><\/strong><\/strong><\/strong><\/strong><\/strong><br \/>\n<\/strong><\/p>\n<p>Vector Quartett mit Denitza Kucera und Reiko Koi (Violinen), Bernd Haag (Viola) und Sebastian Diezig (Cello) sowie Alexander Besa (Viola)<br \/>\nW. A. Mozart: Streichquintett Nr.3, C-Dur, KV 515 (1787)<br \/>\nW. A. Mozart: Streichquintett Nr.4, g-Moll, KV 516 (1787)<\/p>\n<p>&#8212;<\/p>\n<p><strong>Mo, 21.4.2014,\u00a0<strong><strong><strong><strong><strong><strong><strong>Herrenhaus Grafenort, 11h<\/strong><\/strong><\/strong><\/strong><\/strong><\/strong><\/strong><\/strong><\/p>\n<p>Vector Quartett mit Denitza Kucera und Reiko Koi (VIolinen), Bernd Haag (Viola) und Sebastian Diezig (Cello) sowie Alexander Besa (Viola)<br \/>\nW. A. Mozart: Streichquintett Nr.3, C-Dur, KV 515 (1787)<br \/>\nW. A. Mozart: Streichquintett Nr.4, g-Moll, KV 516 (1787)<\/p>\n<hr \/>\n<p>&nbsp;<\/p>\n<h2><strong>MAI 2014<\/strong><\/h2>\n<p><a href=\"http:\/\/sebastiandiezig.com\/wordpress\/wp-content\/uploads\/2013\/08\/Johann-Sebastian-Bach.jpg\"><img loading=\"lazy\" decoding=\"async\" class=\"alignnone size-thumbnail wp-image-1003\" src=\"http:\/\/sebastiandiezig.com\/wordpress\/wp-content\/uploads\/2013\/08\/Johann-Sebastian-Bach-150x150.jpg\" alt=\"Johann-Sebastian-Bach\" width=\"150\" height=\"150\" srcset=\"https:\/\/sebastiandiezig.com\/wordpress\/wp-content\/uploads\/2013\/08\/Johann-Sebastian-Bach-150x150.jpg 150w, https:\/\/sebastiandiezig.com\/wordpress\/wp-content\/uploads\/2013\/08\/Johann-Sebastian-Bach-324x324.jpg 324w, https:\/\/sebastiandiezig.com\/wordpress\/wp-content\/uploads\/2013\/08\/Johann-Sebastian-Bach-100x100.jpg 100w\" sizes=\"auto, (max-width: 150px) 100vw, 150px\" \/><\/a><\/p>\n<p><strong><strong><strong><strong><strong>Fr, 23.5.2014, 12h15-12h45,\u00a0<strong><strong><strong><strong><strong><strong><strong>Fribourg, <a href=\"http:\/\/www.centrelephenix.com\">Centre le Ph\u00e9nix<\/a>, Lunchkonzert<\/strong><\/strong><\/strong><\/strong><\/strong><\/strong><\/strong><\/strong><\/strong><\/strong><\/strong><\/strong><\/p>\n<p>Sebastian Diezig, Cello<br \/>\nBach-Suite Nr. 5 in c-moll f\u00fcr Cello solo BWV 1011<br \/>\n<a title=\"Konzertvorschau: Die 5. Bach-Suite in Fribourg \u2013 eine kleine Matth\u00e4uspassion f\u00fcr Solo-Cello\" href=\"http:\/\/sebastiandiezig.com\/wordpress\/konzertvorschau-die-5-bach-suite-in-fribourg-eine-kleine-matthauspassion-fur-solo-cello\/\">Konzertbeschreibung lesen&#8230;<\/a><\/p>\n<hr \/>\n<p>&nbsp;<\/p>\n<h2><span class=\"Apple-style-span\" style=\"font-size: 20px; font-weight: bold;\"><strong>JUNI 2014<\/strong><\/span><\/h2>\n<p><a href=\"http:\/\/sebastiandiezig.com\/wordpress\/wp-content\/uploads\/2013\/08\/vectorquartetfotb.jpeg\"><img loading=\"lazy\" decoding=\"async\" class=\"alignnone size-full wp-image-1245\" src=\"http:\/\/sebastiandiezig.com\/wordpress\/wp-content\/uploads\/2013\/08\/vectorquartetfotb.jpeg\" alt=\"vectorquartetfotb\" width=\"320\" height=\"214\" \/><\/a><\/p>\n<p><strong><strong><strong><strong><strong>So, 8.6.2014, Luzern, Kirche Weinbergli<strong><strong><strong><strong><strong><strong><strong>, 18h<\/strong><\/strong><\/strong><\/strong><\/strong><\/strong><\/strong><\/strong><\/strong><\/strong><\/strong><\/strong><\/p>\n<p>Vector Quartett mit Denitza Kucera und Reiko Koi (Violinen), Bernd Haag (Viola) und Sebastian Diezig (Cello) sowie Alexander Besa (Viola)<br \/>\nW. A. Mozart: Streichquintett Nr.5, D-Dur, KV 593 (1790)<br \/>\nW. A. Mozart: Streichquintett Nr.6, Es-Dur, KV\u00a0614 (1791)<\/p>\n<p>&#8212;&#8212;-<\/p>\n<p><strong><strong><strong><strong><strong>Mo, 9.6.2014,\u00a0<strong><strong><strong><strong><strong><strong><strong><a href=\"http:\/\/www.grafenort.ch\/dynamic\/page.asp?seiid=2\">Herrenhaus Grafenort<\/a>, 11h<\/strong><\/strong><\/strong><\/strong><\/strong><\/strong><\/strong><\/strong><\/strong><\/strong><\/strong><\/strong><\/p>\n<p>Vector Quartett mit Denitza Kucera und Reiko Koi (Violinen), Bernd Haag (Viola) und Sebastian Diezig (Cello) sowie Alexander Besa (Viola)<br \/>\nW. A. Mozart: Streichquintett Nr.5, D-Dur, KV 593 (1790)<br \/>\nW. A. Mozart: Streichquintett Nr.6, Es-Dur, KV\u00a0614 (1791)<\/p>\n<p>&#8212;&#8212;-<\/p>\n<p><strong>Mi, 11.6.2014, Z\u00fcrich,\u00a0<span class=\"Apple-style-span\" style=\"color: #000000;\">Kirchgemeindehaus Oberstrass, 19h20<\/span><\/strong><\/p>\n<p>Musik von Roman Glaser<br \/>\nMusik und ihre dramaturgische Wirkung &#8211; ein multimediales Experiment\u00a0von und mit dem AMAR QUARTETT, Roman Glaser und Sch\u00fclerInnen der Schule Hutten Z\u00fcrich<br \/>\neine Veranstaltung der STEO-Stiftung<br \/>\n<a href=\"http:\/\/www.amarquartett.ch\">AMAR QUARTETT<\/a>\u00a0&amp; Sebastian Diezig, Cello<\/p>\n<p>&#8212;&#8212;-<\/p>\n<p><strong>Do, 12.6.2014, Sarnen, Privates Konzert, Datum reserviert<\/strong><\/p>\n<p>Ausz\u00fcge aus Bach 1<\/p>\n<p>&#8212;&#8212;-<\/p>\n<p><strong>Sa, 14.6.2014, Z\u00fcrich,\u00a0<span class=\"Apple-style-span\" style=\"color: #000000;\">Kirchgemeindehaus Oberstrass, 19h<\/span><\/strong><\/p>\n<p><span class=\"Apple-style-span\" style=\"color: #000000;\">Musik von Roman Glaser<br \/>\nMusik und ihre dramaturgische Wirkung &#8211; ein multimediales Experiment\u00a0von und mit dem AMAR QUARTETT, Roman Glaser und Sch\u00fclerInnen der Schule Hutten Z\u00fcrich<br \/>\neine Veranstaltung der STEO-Stiftung<br \/>\n<a href=\"http:\/\/www.amarquartett.ch\">AMAR QUARTETT<\/a> &amp; Sebastian Diezig, Cello<\/span><\/p>\n<p>&#8212;&#8212;-<\/p>\n<p>&nbsp;<\/p>\n<p><img loading=\"lazy\" decoding=\"async\" src=\"http:\/\/sebastiandiezig.com\/Deutsch\/Resources\/stursen.jpeg\" alt=\"StUrsen\" width=\"89\" height=\"89\" \/><img loading=\"lazy\" decoding=\"async\" src=\"http:\/\/sebastiandiezig.com\/Deutsch\/Resources\/paulanovoasilviaa.jpeg\" alt=\"Paula Novoa Silvia Nowak Bernard Maillard Sebastian Diezig Blitzingen\" width=\"256\" height=\"89\" \/><\/p>\n<p><strong><strong><strong><strong><strong>Fr, 27.6.2014,\u00a0<strong><strong><strong><strong><strong><strong><strong>St. Ursen, Kirche, 20h<\/strong><\/strong><\/strong><\/strong><\/strong><\/strong><\/strong><\/strong><\/strong><\/strong><\/strong><\/strong><\/p>\n<p>Paula Novoa, Violine \/ Silvia Nowak, Cembalo &amp; Blockfl\u00f6ten \/ Bernard Maillard, Tenor \/ Sebastian Diezig, Cello<\/p>\n<p style=\"color: #262626;\">Programm:<\/p>\n<p style=\"color: #262626;\">Georg Friedrich H\u00e4ndel, aus der Oper \u201eRodelnde\u201c:\u00a0Rezitativ und Arie des Grimwald<br \/>\nAntonio Vivaldi, Sonata per violino et basso continuo in G-Dur RV 22:\u00a0Preludio \u2013 Allemanda \u2013 Andante \u2013 Corrente<br \/>\nJohann Sebastian Bach Aus der Cellosuite Nr. 1 in G-Dur:\u00a0Pr\u00e4ludium \u2013 Gigue<br \/>\nChristoph Willibald Ritter von Gluck, Aus der Oper \u201eIphigenie auf Tauris\u201c:\u00a0Rezitativ und Arie des Pylades<br \/>\nJohann Joachim Quantz, Triosonate C-Dur:\u00a0Affetuoso \u2013 Alla Breve \u2013 Larghetto \u2013 Vivace<br \/>\nWolfgang Amadeus Mozart, Aus der Oper \u201eDon Giovanni\u201c:\u00a0Canzonetta des Don Giovanni\u00a0\u201eDeh vieni alla finestra\u201c<br \/>\nFranz Joseph Haydn, Trio in G-Dur \u201eZigeuner-Trio\u201c Hob. XV: 25:\u00a0Andante \u2013 Poco adagio \u2013 Rondo Finale im Zigeunerstil (Presto)<br \/>\nWolfgang Amadeus Mozart, Aus der Oper \u201eFigaro\u201c:\u00a0Rezitativ und Kavatine des Figaro<\/p>\n<p style=\"color: #262626;\">*****<\/p>\n<p style=\"color: #262626;\">EINTRITT FREI, KOLLEKTE AM AUSGANG<\/p>\n<p>&#8212;&#8212;-<\/p>\n<h2><strong>JULI 2014<\/strong><\/h2>\n<p><strong><strong><strong><strong><strong>Sa, 12.7.2014,\u00a0<strong><strong><strong><strong><strong><strong><strong>Tafers, 14h15<\/strong><\/strong><\/strong><\/strong><\/strong><\/strong><\/strong><\/strong><\/strong><\/strong><\/strong><\/strong><\/p>\n<p>PRIVATES KONZERT<br \/>\nBach, Saint-Sa\u00ebns, Schubert, D\u00e9libes<br \/>\nPaula Novoa, Violine<br \/>\nSebastian Diezig, Cello<\/p>\n<p>&#8212;&#8212;-<\/p>\n<h2><strong>AUGUST\u00a02014<\/strong><\/h2>\n<p><img loading=\"lazy\" decoding=\"async\" src=\"http:\/\/sebastiandiezig.com\/Deutsch\/Resources\/paulanovoasilviaa.jpeg\" alt=\"Paula Novoa Silvia Nowak Bernard Maillard Sebastian Diezig Blitzingen\" width=\"256\" height=\"89\" \/><\/p>\n<p><strong><strong><strong><strong><strong>Do, 7.8.2014,\u00a017h, Kapelle Ritzinger Feld<\/strong><\/strong><\/strong><\/strong><\/strong><\/p>\n<p>BENEFIZKONZERT ZU GUNSTEN DER RENOVATION DER DORFKIRCHE BLITZINGEN<br \/>\nSilvia Nowak, Cembalo &amp; Blockfl\u00f6te<br \/>\nBernard Maillard, Tenor<br \/>\nPaula Novoa, Violine<br \/>\nSebastian Diezig, Cello<\/p>\n<p>&#8212;&#8212;-<\/p>\n<p><strong>Sa, 9.8.2014, 14h30, Fribourg St-Michel<\/strong><\/p>\n<p>Privates Konzert<br \/>\nPaula Novoa, Violine<br \/>\nSebastian Diezig, Cello<\/p>\n<p>&#8212;&#8212;-<\/p>\n<h2><strong>SEPTEMBER\u00a02014<\/strong><\/h2>\n<p><strong>Di, 2.9.2014,\u00a019h, Thun<\/strong><\/p>\n<p>Privates Konzert<br \/>\nKammermusik (Schubert)<\/p>\n<p>&#8212;&#8212;-<\/p>\n<p><strong>Mi, 25.9.2014,\u00a010h30, Luzern<\/strong><\/p>\n<p>Privates Konzert<br \/>\nKammermusik (Mozart, Mendelssohn)<br \/>\nUli Poschner, Violine; Christina Gallati, Violine; Sebastian Diezig und Co.<\/p>\n<p>&#8212;&#8212;-<\/p>\n<h2><strong>OKTOBER 2014<\/strong><\/h2>\n<figure id=\"attachment_1310\" aria-describedby=\"caption-attachment-1310\" style=\"width: 150px\" class=\"wp-caption alignnone\"><a href=\"http:\/\/sebastiandiezig.com\/wordpress\/wp-content\/uploads\/2013\/08\/Bild-2.jpg\"><img loading=\"lazy\" decoding=\"async\" class=\"size-thumbnail wp-image-1310\" src=\"http:\/\/sebastiandiezig.com\/wordpress\/wp-content\/uploads\/2013\/08\/Bild-2-150x150.jpg\" alt=\"Cellooktett FriCelli, v.l.n.r.: Pierre-Bernard Sudan, Justine Pelnena-Chollet (sitzend), Sebastian Diezig, No\u00ebmie Grandjean, S\u00e9bastien Breguet, Diane D\u00e9glise, Nicolas Jungo &amp; Simon Zeller. Foto: Charly Rappo\" width=\"150\" height=\"150\" srcset=\"https:\/\/sebastiandiezig.com\/wordpress\/wp-content\/uploads\/2013\/08\/Bild-2-150x150.jpg 150w, https:\/\/sebastiandiezig.com\/wordpress\/wp-content\/uploads\/2013\/08\/Bild-2-324x324.jpg 324w, https:\/\/sebastiandiezig.com\/wordpress\/wp-content\/uploads\/2013\/08\/Bild-2-100x100.jpg 100w\" sizes=\"auto, (max-width: 150px) 100vw, 150px\" \/><\/a><figcaption id=\"caption-attachment-1310\" class=\"wp-caption-text\">Cellooktett FriCelli, v.l.n.r.: Pierre-Bernard Sudan, Justine Pelnena-Chollet (sitzend), Sebastian Diezig, No\u00ebmie Grandjean, S\u00e9bastien Breguet, Diane D\u00e9glise, Nicolas Jungo &amp; Simon Zeller. Foto: Charly Rappo<\/figcaption><\/figure>\n<p><strong><strong><strong><strong><strong>So, 5.10.2014, 17h,\u00a0<strong><strong><strong><strong><strong><strong><strong>Bulle, \u00a0Aula du CO de la Gruy\u00e8re<\/strong><\/strong><\/strong><\/strong><\/strong><\/strong><\/strong><\/strong><\/strong><\/strong><\/strong><\/strong><\/p>\n<p>Cellooktett FriCelli m. Pierre-Bernard Sudan, Sebastian Diezig, Justine Pelnena Chollet, S\u00e9bastien Breguet, Nicolas Jungo, No\u00e9mie Grandjean, Simon Zeller und Diane D\u00e9glise<br \/>\nSimone Stock, Sopranistin<\/p>\n<p><span style=\"color: #000000;\">Bachianas de H.Villa-Lobos\u00a0<\/span><br style=\"color: #000000;\" \/><span style=\"color: #000000;\">Oeuvres de N.Bacri, M.Hostettler,\u00a0<\/span><br style=\"color: #000000;\" \/><span style=\"color: #000000;\">J.Rodrigo, A.Piazzola<\/span><\/p>\n<p>&#8212;&#8212;-<\/p>\n<h2><strong>DEZEMBER\u00a02014<\/strong><\/h2>\n<p><strong>Sa, 13.12.2014, 19h,\u00a0Luzern, International Church (Z\u00e4hringerstrasse 7)<\/strong><\/p>\n<p class=\"style15\">Beethoven Streichquartett op. 18 Nr. 4 in c-moll<br \/>\nMendelssohn Streichquartett op. 44 Nr. 2 e-moll<\/p>\n<p class=\"style17\">Vector Quartett mit Denitza Kucera und Reiko Koi (Violinen), Bernd Haag (Viola) und Sebastian Diezig (Violoncello)<\/p>\n<p class=\"style17 f-lp\">Der Erl\u00f6s des Konzertes wird f\u00fcr einen guten Zweck gespendet.<\/p>\n<p class=\"style17 f-lp\">Programmnotizen lesen:\u00a0<a href=\"http:\/\/sebastiandiezig.com\/wordpress\/wp-content\/uploads\/2013\/08\/Programme.pdf\">Programme<\/a>.pdf<\/p>\n<p class=\"style17 f-lp\">\n","protected":false},"excerpt":{"rendered":"<p>JANUAR 2014 So, 5.1.2014, 13h30, Privates Konzert (Kt. FR) Bach1, Top Gun Variations &nbsp; M\u00c4RZ 2014 Fr, 14.3.2014, 20:00, Basel Privates Kammermusik-Konzert Schubert Trio B-Dur, Schubert Sonatensatz f\u00fcr Klaviertrio Mit Anja R\u00f6hn (Violine), Sebastian Diezig (Cello) und Paul Suits (Klavier) &#8212; So, 23.3.2014, 11:00, Luzern, Foyer des Luzerner Theaters Kammermusikkonzerte des Luzerner Sinfonieorchesters Schubert Trio [&hellip;]<\/p>\n","protected":false},"author":1,"featured_media":520,"parent":0,"menu_order":0,"comment_status":"open","ping_status":"closed","template":"","meta":{"footnotes":""},"class_list":["post-405","page","type-page","status-publish","has-post-thumbnail","hentry"],"jetpack_sharing_enabled":true,"_links":{"self":[{"href":"https:\/\/sebastiandiezig.com\/wordpress\/wp-json\/wp\/v2\/pages\/405","targetHints":{"allow":["GET"]}}],"collection":[{"href":"https:\/\/sebastiandiezig.com\/wordpress\/wp-json\/wp\/v2\/pages"}],"about":[{"href":"https:\/\/sebastiandiezig.com\/wordpress\/wp-json\/wp\/v2\/types\/page"}],"author":[{"embeddable":true,"href":"https:\/\/sebastiandiezig.com\/wordpress\/wp-json\/wp\/v2\/users\/1"}],"replies":[{"embeddable":true,"href":"https:\/\/sebastiandiezig.com\/wordpress\/wp-json\/wp\/v2\/comments?post=405"}],"version-history":[{"count":47,"href":"https:\/\/sebastiandiezig.com\/wordpress\/wp-json\/wp\/v2\/pages\/405\/revisions"}],"predecessor-version":[{"id":1706,"href":"https:\/\/sebastiandiezig.com\/wordpress\/wp-json\/wp\/v2\/pages\/405\/revisions\/1706"}],"wp:featuredmedia":[{"embeddable":true,"href":"https:\/\/sebastiandiezig.com\/wordpress\/wp-json\/wp\/v2\/media\/520"}],"wp:attachment":[{"href":"https:\/\/sebastiandiezig.com\/wordpress\/wp-json\/wp\/v2\/media?parent=405"}],"curies":[{"name":"wp","href":"https:\/\/api.w.org\/{rel}","templated":true}]}}