{"id":408,"date":"2013-08-25T15:28:51","date_gmt":"2013-08-25T13:28:51","guid":{"rendered":"http:\/\/sebastiandiezig.com\/wordpress\/?page_id=408"},"modified":"2013-08-28T19:13:04","modified_gmt":"2013-08-28T17:13:04","slug":"konzerte-2012-archiv","status":"publish","type":"page","link":"https:\/\/sebastiandiezig.com\/wordpress\/konzerte-2012-archiv\/","title":{"rendered":"Konzerte 2012 (Archiv)"},"content":{"rendered":"<h2><strong>FEBRUAR 2012<\/strong><\/h2>\n<p><img loading=\"lazy\" decoding=\"async\" alt=\"FribourgCathedrale\" src=\"http:\/\/sebastiandiezig.com\/Deutsch\/Resources\/fribourgcathedral.gif\" width=\"162\" height=\"89\" \/><img loading=\"lazy\" decoding=\"async\" alt=\"PaulaNovoa\" src=\"http:\/\/sebastiandiezig.com\/Deutsch\/Resources\/paulanovoa.jpeg\" width=\"60\" height=\"89\" \/><img loading=\"lazy\" decoding=\"async\" alt=\"SebastianDiezig\" src=\"http:\/\/sebastiandiezig.com\/Deutsch\/Resources\/sebastiandiezige.jpeg\" width=\"59\" height=\"89\" \/><\/p>\n<p><strong><strong><strong><strong><strong>17.2.2012, 12h15-12h45, Fribourg, Centre le Ph\u00e9nix Lunch Concert<br \/>\n<\/strong><\/strong><\/strong>Zolt\u00e1n Kod\u00e1ly Duo f\u00fcr Violine und Violoncello op. 7<br \/>\nPaula Novoa, Violine; Sebastian Diezig, Cello<\/strong><\/strong><\/p>\n<p>&nbsp;<\/p>\n<p>***<\/p>\n<p>&nbsp;<\/p>\n<h2><strong>M\u00c4RZ 2012<\/strong><\/h2>\n<p><img loading=\"lazy\" decoding=\"async\" alt=\"item1\" src=\"http:\/\/sebastiandiezig.com\/English\/Resources\/concer1.jpeg\" width=\"56\" height=\"48\" \/><img loading=\"lazy\" decoding=\"async\" alt=\"Geige\" src=\"http:\/\/sebastiandiezig.com\/English\/Resources\/item1b1.jpeg\" width=\"65\" height=\"48\" \/><img loading=\"lazy\" decoding=\"async\" alt=\"images1\" src=\"http:\/\/sebastiandiezig.com\/English\/Resources\/images1a.jpeg\" width=\"78\" height=\"48\" \/><img loading=\"lazy\" decoding=\"async\" alt=\"sebastiandiezig1c1a1\" src=\"http:\/\/sebastiandiezig.com\/English\/Resources\/sebastiandiezig1.jpeg\" width=\"56\" height=\"48\" \/><\/p>\n<p><strong><strong><strong>25.3.2012,\u00a0<a href=\"http:\/\/www.kirchegerzensee.ch\/?Willkommen\" target=\"_parent\">Gerzensee, Kirche<\/a>, 20:00<\/strong><br \/>\n<\/strong><\/strong>Silvia Nowak, Blockfl\u00f6te; Jacqueline Toussaint,Cembalo; Sebastian Diezig, Cello<\/p>\n<p>G.F. Haendel: Sonate C-Dur f\u00fcr Blockfl\u00f6te und basso continuo<br \/>\nJ.S. Bach: Sonate G-Dur f\u00fcr Violoncello und Cembalo<br \/>\nG.F. Haendel: Sonate a-moll f\u00fcr Blockfl\u00f6te und basso continuo<br \/>\nJ.S. Bach: Italienisches Konzert f\u00fcr Cembalo solo<br \/>\nA. Corelli: La Follia Variationen f\u00fcr Blockfl\u00f6te, Violoncello und Cembalo<\/p>\n<p>&nbsp;<\/p>\n<p><img loading=\"lazy\" decoding=\"async\" alt=\"FribourgCathedrale1\" src=\"http:\/\/sebastiandiezig.com\/Francais\/Resources\/fribourgcathedral.gif\" width=\"86\" height=\"48\" \/><img loading=\"lazy\" decoding=\"async\" alt=\"PaulaNovoa1\" src=\"http:\/\/sebastiandiezig.com\/Francais\/Resources\/paulanovoa1.jpeg\" width=\"60\" height=\"48\" \/><img loading=\"lazy\" decoding=\"async\" alt=\"Geige\" src=\"http:\/\/sebastiandiezig.com\/English\/Resources\/item1b1.jpeg\" width=\"65\" height=\"48\" \/><img loading=\"lazy\" decoding=\"async\" alt=\"BernardMaillard1\" src=\"http:\/\/sebastiandiezig.com\/Francais\/Resources\/bernardmaillard1.gif\" width=\"50\" height=\"48\" \/><img loading=\"lazy\" decoding=\"async\" alt=\"sebastiandiezig1c1a\" src=\"http:\/\/sebastiandiezig.com\/English\/Resources\/sebastiandiezig1.jpeg\" width=\"56\" height=\"48\" \/><\/p>\n<p><strong><strong>30.3.2012,\u00a0<\/strong><strong><strong><strong><strong>12h15-12h45, Fribourg, Centre le Ph\u00e9nix Lunch Concert<br \/>\n<\/strong><\/strong><\/strong>Haendel-Halvorsen, Passacaglia<br \/>\nSchickardt, Variationen \u00fcber das Folia-Thema<br \/>\nBuxtehude, Kantate &#8220;Singet dem Herrn&#8221;<br \/>\nPaula Novoa (Violine); Silvia Nowak (Cembalo, Blockfl\u00f6ten); Bernard Maillard (Tenor); Sebastian Diezig (Cello)<\/strong><\/strong><\/p>\n<p>&nbsp;<\/p>\n<p>***<\/p>\n<p>&nbsp;<\/p>\n<h2><strong>MAI 2012<\/strong><\/h2>\n<p><img loading=\"lazy\" decoding=\"async\" alt=\"images1b1\" src=\"http:\/\/sebastiandiezig.com\/Deutsch\/Resources\/images1b1a.jpeg\" width=\"64\" height=\"55\" \/><img loading=\"lazy\" decoding=\"async\" alt=\"DenitzaKucera\" src=\"http:\/\/sebastiandiezig.com\/English\/Resources\/denitzakucera.jpeg\" width=\"44\" height=\"55\" \/><img loading=\"lazy\" decoding=\"async\" alt=\"KeikoYamaguchi\" src=\"http:\/\/sebastiandiezig.com\/English\/Resources\/keikoyamaguchi.jpeg\" width=\"44\" height=\"55\" \/><img loading=\"lazy\" decoding=\"async\" alt=\"JulianFels\" src=\"http:\/\/sebastiandiezig.com\/English\/Resources\/julianfels.jpeg\" width=\"44\" height=\"55\" \/><img loading=\"lazy\" decoding=\"async\" alt=\"ReikoKoi\" src=\"http:\/\/sebastiandiezig.com\/English\/Resources\/reikokoi.jpeg\" width=\"44\" height=\"55\" \/><img loading=\"lazy\" decoding=\"async\" alt=\"BerndHaag\" src=\"http:\/\/sebastiandiezig.com\/English\/Resources\/berndhaag.jpeg\" width=\"44\" height=\"55\" \/><img loading=\"lazy\" decoding=\"async\" alt=\"MadeleineBurkhalter\" src=\"http:\/\/sebastiandiezig.com\/Deutsch\/Resources\/madeleineburkhal.jpeg\" width=\"52\" height=\"55\" \/><img loading=\"lazy\" decoding=\"async\" alt=\"PeterSomodari\" src=\"http:\/\/sebastiandiezig.com\/Deutsch\/Resources\/petersomodari.jpeg\" width=\"60\" height=\"55\" \/><img loading=\"lazy\" decoding=\"async\" alt=\"SebastianDiezig1\" src=\"http:\/\/sebastiandiezig.com\/English\/Resources\/sebastiandiezig.jpeg\" width=\"44\" height=\"55\" \/><\/p>\n<p><strong>20.5.2012, 11h, Luzern, Theater (Foyer). Kammermusikmatinee Nr. 5 des Luzerner Sinfonieorchesters<\/strong><br \/>\nGeorge Enescu: Oktett C-Dur op. 7,\u00a0Bela Bartok: Rum\u00e4nische Volkst\u00e4nze Sz 68 (arr. Keiko Yamaguchi).<br \/>\nLuzerner Streichoktett<br \/>\nDenitza Kucera, Julian Fels, Reiko Koi, Keiko Yamaguchi, Violinen; Bernd Haag, Madeleine Burkhalter, Violas; Peter Somodari, Sebastian Diezig, Celli<br \/>\n<a href=\"http:\/\/www.sinfonieorchester.ch\/\" target=\"_parent\">www.sinfonieorchester.ch<\/a><\/p>\n<p>&nbsp;<\/p>\n<p>***<\/p>\n<p>&nbsp;<\/p>\n<h2><strong>JUNI 2012<\/strong><\/h2>\n<p><img loading=\"lazy\" decoding=\"async\" alt=\"RidlikapelleBeckenried\" src=\"http:\/\/sebastiandiezig.com\/Deutsch\/Resources\/ridlikapellebecka.jpeg\" width=\"94\" height=\"55\" \/><img loading=\"lazy\" decoding=\"async\" alt=\"DenitzaKucera1\" src=\"http:\/\/sebastiandiezig.com\/English\/Resources\/denitzakucera.jpeg\" width=\"44\" height=\"55\" \/><img loading=\"lazy\" decoding=\"async\" alt=\"KeikoYamaguchi1\" src=\"http:\/\/sebastiandiezig.com\/English\/Resources\/keikoyamaguchi.jpeg\" width=\"44\" height=\"55\" \/><img loading=\"lazy\" decoding=\"async\" alt=\"JulianFels1\" src=\"http:\/\/sebastiandiezig.com\/Deutsch\/Resources\/julianfels1.jpeg\" width=\"44\" height=\"55\" \/><img loading=\"lazy\" decoding=\"async\" alt=\"ReikoKoi1\" src=\"http:\/\/sebastiandiezig.com\/English\/Resources\/reikokoi.jpeg\" width=\"44\" height=\"55\" \/><img loading=\"lazy\" decoding=\"async\" alt=\"BerndHaag1\" src=\"http:\/\/sebastiandiezig.com\/English\/Resources\/berndhaag.jpeg\" width=\"44\" height=\"55\" \/><img loading=\"lazy\" decoding=\"async\" alt=\"MadeleineBurkhalter1\" src=\"http:\/\/sebastiandiezig.com\/Deutsch\/Resources\/madeleineburkhal.jpeg\" width=\"52\" height=\"55\" \/><img loading=\"lazy\" decoding=\"async\" alt=\"PeterSomodari1\" src=\"http:\/\/sebastiandiezig.com\/Deutsch\/Resources\/petersomodari.jpeg\" width=\"60\" height=\"55\" \/><img loading=\"lazy\" decoding=\"async\" alt=\"SebastianDiezig1a\" src=\"http:\/\/sebastiandiezig.com\/English\/Resources\/sebastiandiezig.jpeg\" width=\"44\" height=\"55\" \/><\/p>\n<p><strong><strong><strong><strong><strong>10.6.2012, 19:00,\u00a0<strong>Ridlikonzert, Ridlikapelle Beckenried<\/strong><br \/>\n<\/strong><\/strong>George Enescu: Oktett C-Dur op. 7, Bela Bartok: Rum\u00e4nische Volkst\u00e4nze Sz 68 (arr. Keiko Yamaguchi).<br \/>\nLuzerner Streichoktett<br \/>\nDenitza Kucera, Julian Fels, Reiko Koi, Keiko Yamaguchi, Violinen; Bernd Haag, Madeleine Burkhalter, Violas; Peter Somodari, Sebastian Diezig, Celli<\/strong><\/strong><\/strong><\/p>\n<p>&nbsp;<\/p>\n<p><img loading=\"lazy\" decoding=\"async\" alt=\"item12\" src=\"http:\/\/sebastiandiezig.com\/Deutsch\/Resources\/item12.jpeg\" width=\"75\" height=\"48\" \/><img loading=\"lazy\" decoding=\"async\" alt=\"sebastiandiezig1c1a2\" src=\"http:\/\/sebastiandiezig.com\/English\/Resources\/sebastiandiezig1.jpeg\" width=\"56\" height=\"48\" \/><\/p>\n<p><strong>14.6.2012, nachmittags, Basel, Universit\u00e4tsspital, Bernd Spiessl Symposium<br \/>\n<\/strong>Solo-Impros zwischen den Vortr\u00e4gen<br \/>\nSebastian Diezig, Cello<\/p>\n<p>&nbsp;<\/p>\n<p><img loading=\"lazy\" decoding=\"async\" alt=\"item12a\" src=\"http:\/\/sebastiandiezig.com\/Francais\/Resources\/item12a.jpeg\" width=\"75\" height=\"48\" \/><img loading=\"lazy\" decoding=\"async\" alt=\"sebastiandiezig1c1a3\" src=\"http:\/\/sebastiandiezig.com\/English\/Resources\/sebastiandiezig1.jpeg\" width=\"56\" height=\"48\" \/><img loading=\"lazy\" decoding=\"async\" alt=\"RemoSchnyder\" src=\"http:\/\/sebastiandiezig.com\/Deutsch\/Resources\/remoschnyder.jpeg\" width=\"75\" height=\"48\" \/><\/p>\n<p><strong>16.6.2012, vormittags, Basel, Universit\u00e4tsspital, Bernd Spiessl Symposium<br \/>\n<\/strong>Duo-Improvisationen zwischen den Vortr\u00e4gen<br \/>\nRemo Schnyder, Saxophon &amp; Sebastian Diezig, Cello<\/p>\n<p>&nbsp;<\/p>\n<p><img loading=\"lazy\" decoding=\"async\" alt=\"Entlebucherhaus\" src=\"http:\/\/sebastiandiezig.com\/Deutsch\/Resources\/entlebucherhaus.jpeg\" width=\"101\" height=\"48\" \/><img loading=\"lazy\" decoding=\"async\" alt=\"klausdurrer\" src=\"http:\/\/sebastiandiezig.com\/Deutsch\/Resources\/klausdurrer.jpeg\" width=\"40\" height=\"48\" \/><img loading=\"lazy\" decoding=\"async\" alt=\"AnjaRoehn\" src=\"http:\/\/sebastiandiezig.com\/Deutsch\/Resources\/anjaroehn.gif\" width=\"46\" height=\"48\" \/><img loading=\"lazy\" decoding=\"async\" alt=\"katrinburger\" src=\"http:\/\/sebastiandiezig.com\/Deutsch\/Resources\/katrinburger.jpeg\" width=\"41\" height=\"48\" \/><img loading=\"lazy\" decoding=\"async\" alt=\"item3\" src=\"http:\/\/sebastiandiezig.com\/Deutsch\/Resources\/item3.jpeg\" width=\"44\" height=\"48\" \/><img loading=\"lazy\" decoding=\"async\" alt=\"sebastiandiezig1c1a2a\" src=\"http:\/\/sebastiandiezig.com\/English\/Resources\/sebastiandiezig1.jpeg\" width=\"56\" height=\"48\" \/><\/p>\n<p><strong>16.6.2012, 19h30, Sch\u00fcpfheim, Entlebucherhaus<br \/>\n<\/strong>Das<strong>\u00a0<\/strong>Primavera-Quintett mit:<br \/>\nKlaus Durrer (Fl\u00f6te), Anja R\u00f6hn (Violine), Katrin Burger (Viola), Mahalia Kelz (Harfe), Sebastian Diezig (Cello)<br \/>\nspielt:<br \/>\nGabriel Piern\u00e9 (1863 \u2013 1937)<br \/>\nVariations libres et finale op. 51<br \/>\nAlbert Roussel (1869 \u2013 1937)<br \/>\nS\u00e9r\u00e9nade op. 30 (1925)<br \/>\nAllegro \/ Andante \/ Presto<br \/>\nMarcel Tournier (1879 \u2013 1951)<br \/>\nSuite op. 34 (ed. 1929)<br \/>\nSoir \/ Danse \/ Lied \/ F\u00eate<br \/>\nCharles Koechlin (1867 \u2013 1950)<br \/>\nPrimavera op. 156 (1949)<br \/>\nAllegro quasi Allegretto \/ Adagio\/Intermezzo \/ Final<\/p>\n<p>&nbsp;<\/p>\n<p><img loading=\"lazy\" decoding=\"async\" alt=\"images1b1b\" src=\"http:\/\/sebastiandiezig.com\/English\/Resources\/images1b.jpeg\" width=\"64\" height=\"48\" \/><img loading=\"lazy\" decoding=\"async\" alt=\"klausdurrer1\" src=\"http:\/\/sebastiandiezig.com\/Deutsch\/Resources\/klausdurrer.jpeg\" width=\"40\" height=\"48\" \/><img loading=\"lazy\" decoding=\"async\" alt=\"AnjaRoehn1\" src=\"http:\/\/sebastiandiezig.com\/Deutsch\/Resources\/anjaroehn.gif\" width=\"46\" height=\"48\" \/><img loading=\"lazy\" decoding=\"async\" alt=\"katrinburger1\" src=\"http:\/\/sebastiandiezig.com\/Deutsch\/Resources\/katrinburger.jpeg\" width=\"41\" height=\"48\" \/><img loading=\"lazy\" decoding=\"async\" alt=\"item3a\" src=\"http:\/\/sebastiandiezig.com\/Deutsch\/Resources\/item3a.jpeg\" width=\"44\" height=\"48\" \/><img loading=\"lazy\" decoding=\"async\" alt=\"sebastiandiezig1c1a2a1\" src=\"http:\/\/sebastiandiezig.com\/English\/Resources\/sebastiandiezig1.jpeg\" width=\"56\" height=\"48\" \/><\/p>\n<p><strong>17.6.2012, 11h, Theater (im Foyer), Luzern. Kammermusikmatinee Nr. 6 des Luzerner Sinfonieorchesters<br \/>\nDas\u00a0<\/strong>Primavera-Quintett mit:<br \/>\nKlaus Durrer (Fl\u00f6te), Anja R\u00f6hn (Violine), Katrin Burger (Viola), Mahalia Kelz (Harfe), Sebastian Diezig (Cello)<br \/>\nspielt:<br \/>\nGabriel Piern\u00e9 (1863 \u2013 1937)<br \/>\nVariations libres et finale op. 51<br \/>\nAlbert Roussel (1869 \u2013 1937)<br \/>\nS\u00e9r\u00e9nade op. 30 (1925)<br \/>\nAllegro \/ Andante \/ Presto<br \/>\nMarcel Tournier (1879 \u2013 1951)<br \/>\nSuite op. 34 (ed. 1929)<br \/>\nSoir \/ Danse \/ Lied \/ F\u00eate<br \/>\nCharles Koechlin (1867 \u2013 1950)<br \/>\nPrimavera op. 156 (1949)<br \/>\nAllegro quasi Allegretto \/ Adagio\/Intermezzo \/ Final<\/p>\n<p>&nbsp;<\/p>\n<p><img loading=\"lazy\" decoding=\"async\" alt=\"grossmunsterzurich\" src=\"http:\/\/sebastiandiezig.com\/Deutsch\/Resources\/grossmunsterzuri.jpeg\" width=\"99\" height=\"60\" \/><img loading=\"lazy\" decoding=\"async\" alt=\"nancyandelfinger\" src=\"http:\/\/sebastiandiezig.com\/Deutsch\/Resources\/nancyandelfingera.jpeg\" width=\"48\" height=\"60\" \/><img loading=\"lazy\" decoding=\"async\" alt=\"DenitzaKucera1a\" src=\"http:\/\/sebastiandiezig.com\/Deutsch\/Resources\/denitzakucera1aa.jpeg\" width=\"48\" height=\"60\" \/><img loading=\"lazy\" decoding=\"async\" alt=\"BerndHaag1a\" src=\"http:\/\/sebastiandiezig.com\/Deutsch\/Resources\/berndhaag1aa.jpeg\" width=\"48\" height=\"60\" \/><img loading=\"lazy\" decoding=\"async\" alt=\"SebastianDiezig2\" src=\"http:\/\/sebastiandiezig.com\/Deutsch\/Resources\/sebastiandiezig2d.jpeg\" width=\"59\" height=\"60\" \/><\/p>\n<p><strong>26.6.2012, 20h, Z\u00fcrich, Hochschule der K\u00fcnste<\/strong><br \/>\nMozart Oboen-Quartett mit:<br \/>\nNancy Andelfinger (Oboe), Denitza Kucera (Violine), NN (Violine), Bernd Haag (Viola), Sebastian Diezig (Cello)<\/p>\n<p>&nbsp;<\/p>\n<p>***<\/p>\n<p>&nbsp;<\/p>\n<h2><strong>AUGUST 2012<\/strong><\/h2>\n<p><strong><strong><strong><strong><strong><strong><strong><strong><strong>9.8.2012, 9h, Luzern, Privates Konzert<br \/>\n<\/strong><\/strong><\/strong>Paula Novoa, Violine &amp; Sebastian Diezig, Cello<br \/>\nWerke von Bach, Bach-Gounod und Schubert<\/strong><\/strong><\/strong><\/strong><\/strong><\/strong><\/p>\n<p>&nbsp;<\/p>\n<p><img loading=\"lazy\" decoding=\"async\" alt=\"item12a1\" src=\"http:\/\/sebastiandiezig.com\/Francais\/Resources\/item12a.jpeg\" width=\"75\" height=\"48\" \/><img loading=\"lazy\" decoding=\"async\" alt=\"akiko\" src=\"http:\/\/sebastiandiezig.com\/Deutsch\/Resources\/akiko.gif\" width=\"49\" height=\"48\" \/><img loading=\"lazy\" decoding=\"async\" alt=\"Anja\" src=\"http:\/\/sebastiandiezig.com\/Deutsch\/Resources\/anja.gif\" width=\"49\" height=\"48\" \/><img loading=\"lazy\" decoding=\"async\" alt=\"hannesbaertschi\" src=\"http:\/\/sebastiandiezig.com\/Deutsch\/Resources\/hannesbaertschi.jpeg\" width=\"45\" height=\"48\" \/><img loading=\"lazy\" decoding=\"async\" alt=\"Ria\" src=\"http:\/\/sebastiandiezig.com\/Deutsch\/Resources\/ria.gif\" width=\"49\" height=\"48\" \/><img loading=\"lazy\" decoding=\"async\" alt=\"Judith\" src=\"http:\/\/sebastiandiezig.com\/Deutsch\/Resources\/judith.gif\" width=\"49\" height=\"48\" \/><img loading=\"lazy\" decoding=\"async\" alt=\"item3a2\" src=\"http:\/\/sebastiandiezig.com\/English\/Resources\/item3a.jpeg\" width=\"74\" height=\"48\" \/><\/p>\n<p><strong><strong><strong><strong><strong>22.8.2012, 18h15, Basel, Mueseum Kleines Klingenthal<br \/>\n<\/strong><\/strong><\/strong>Boccherini Quintett<br \/>\nTschaikowsky Sextett &#8220;Souvenir de Florence&#8221;<br \/>\nAkiko Hasegawa &amp; Veronika Durkina, Violinen; Hannes B\u00e4rtschi &amp; Maria Wolf Schabenberger, Violas; Judith Gerster &amp; Sebastian Diezig, Celli<\/strong><\/strong><\/p>\n<p>&nbsp;<\/p>\n<p>***<\/p>\n<p>&nbsp;<\/p>\n<h2><strong>SEPTEMBER 2012<\/strong><\/h2>\n<p><img loading=\"lazy\" decoding=\"async\" alt=\"rossiniere\" src=\"http:\/\/sebastiandiezig.com\/Deutsch\/Resources\/rossiniere.jpeg\" width=\"70\" height=\"48\" \/><img loading=\"lazy\" decoding=\"async\" alt=\"sebastiandiezig1c1a2b\" src=\"http:\/\/sebastiandiezig.com\/English\/Resources\/sebastiandiezig1.jpeg\" width=\"56\" height=\"48\" \/><\/p>\n<p><strong><strong><strong><strong><strong><strong>28.9.2012, 9h, Rossini\u00e8re VD, Privates Konzert<br \/>\n<\/strong><\/strong><\/strong>Virtuoses Solo-Rezital<br \/>\n<strong>Bach,<\/strong>\u00a0Suite Nr. 1 in G-Dur<br \/>\n<strong>Kodaly,<\/strong>\u00a0Solo-Sonate op. 8<br \/>\nSebastian Diezig, Cello<\/strong><\/strong><\/strong><\/p>\n<p>&nbsp;<\/p>\n<p>***<\/p>\n<p>&nbsp;<\/p>\n<h2><strong>OKTOBER 2012<\/strong><\/h2>\n<p><strong><strong><strong><strong><strong><strong><strong><strong><strong><strong><strong>8.10.2012, 17h, Bern<br \/>\n<\/strong><\/strong><\/strong>Privates Konzert (Schubert Oktett)<\/strong><\/strong><\/strong><\/strong><\/strong><\/strong><\/strong><\/strong><\/p>\n<p><strong>25.10.2012, 11h, Luzern, Franziskanerkirche<br \/>\n<\/strong>Privates Konzert (Bach Suite Nr. 1)<\/p>\n<p>&nbsp;<\/p>\n<p>***<\/p>\n<p>&nbsp;<\/p>\n<h2><strong>NOVEMBER 2012<\/strong><\/h2>\n<p><img loading=\"lazy\" decoding=\"async\" alt=\"images1b1a\" src=\"http:\/\/sebastiandiezig.com\/English\/Resources\/images1b.jpeg\" width=\"64\" height=\"48\" \/><\/p>\n<p><strong><strong><strong><strong><strong>4.11.2012, 11:00,\u00a0<strong>Luzerner Theater (Foyer)<\/strong><br \/>\n<\/strong><\/strong>Waldemar Bargiel: Oktett in c-moll, op. 15a (1849-50)<br \/>\nMax Bruch: Oktett B-Dur Op posth 1920<br \/>\nLuzerner Streichoktett<br \/>\nDenitza Kucera, Julian Fels, Reiko Koi, Keiko Yamaguchi, Violinen; Bernd Haag, Madeleine Burkhalter, Violas; Sebastian Diezig, Beat Feigenwinter, Celli<\/strong><\/strong><\/strong><\/p>\n<p>&nbsp;<\/p>\n<p>***<\/p>\n<p>&nbsp;<\/p>\n<h2><strong>DEZEMBER 2012<\/strong><\/h2>\n<p><img loading=\"lazy\" decoding=\"async\" alt=\"item8\" src=\"http:\/\/sebastiandiezig.com\/Francais\/Resources\/item8.jpeg\" width=\"41\" height=\"48\" \/><img loading=\"lazy\" decoding=\"async\" alt=\"PaulaNovoa2\" src=\"http:\/\/sebastiandiezig.com\/Francais\/Resources\/paulanovoa1.jpeg\" width=\"60\" height=\"48\" \/><img loading=\"lazy\" decoding=\"async\" alt=\"Geige\" src=\"http:\/\/sebastiandiezig.com\/English\/Resources\/item1b1.jpeg\" width=\"65\" height=\"48\" \/><img loading=\"lazy\" decoding=\"async\" alt=\"BernardMaillard1a\" src=\"http:\/\/sebastiandiezig.com\/Francais\/Resources\/bernardmaillard1.gif\" width=\"50\" height=\"48\" \/><img loading=\"lazy\" decoding=\"async\" alt=\"sebastiandiezig1c1a4\" src=\"http:\/\/sebastiandiezig.com\/English\/Resources\/sebastiandiezig1.jpeg\" width=\"56\" height=\"48\" \/><\/p>\n<p><strong>30.12.2012, 17h,\u00a0<strong>Blitzingen, Pfarrkirche<br \/>\nFr\u00f6hlicher Jahresausklang &#8211; Programm wird sp\u00e4ter bekannt gegeben.<\/strong><\/strong><br \/>\nPaula Novoa (Violine); Silvia Nowak (Orgel, Cembalo, Blockfl\u00f6ten); Bernard Maillard (Tenor); Sebastian Diezig (Cello)<\/p>\n<p>Eintritt frei &#8211; Kollekte Danke!<br \/>\n<strong>Acnhliessend Ap\u00e9ro (offeriert von der Gemeinde Blitzingen)<\/strong><\/p>\n","protected":false},"excerpt":{"rendered":"<p>FEBRUAR 2012 17.2.2012, 12h15-12h45, Fribourg, Centre le Ph\u00e9nix Lunch Concert Zolt\u00e1n Kod\u00e1ly Duo f\u00fcr Violine und Violoncello op. 7 Paula Novoa, Violine; Sebastian Diezig, Cello &nbsp; *** &nbsp; M\u00c4RZ 2012 25.3.2012,\u00a0Gerzensee, Kirche, 20:00 Silvia Nowak, Blockfl\u00f6te; Jacqueline Toussaint,Cembalo; Sebastian Diezig, Cello G.F. Haendel: Sonate C-Dur f\u00fcr Blockfl\u00f6te und basso continuo J.S. Bach: Sonate G-Dur f\u00fcr [&hellip;]<\/p>\n","protected":false},"author":1,"featured_media":520,"parent":0,"menu_order":0,"comment_status":"open","ping_status":"open","template":"","meta":{"footnotes":""},"class_list":["post-408","page","type-page","status-publish","has-post-thumbnail","hentry"],"jetpack_sharing_enabled":true,"_links":{"self":[{"href":"https:\/\/sebastiandiezig.com\/wordpress\/wp-json\/wp\/v2\/pages\/408","targetHints":{"allow":["GET"]}}],"collection":[{"href":"https:\/\/sebastiandiezig.com\/wordpress\/wp-json\/wp\/v2\/pages"}],"about":[{"href":"https:\/\/sebastiandiezig.com\/wordpress\/wp-json\/wp\/v2\/types\/page"}],"author":[{"embeddable":true,"href":"https:\/\/sebastiandiezig.com\/wordpress\/wp-json\/wp\/v2\/users\/1"}],"replies":[{"embeddable":true,"href":"https:\/\/sebastiandiezig.com\/wordpress\/wp-json\/wp\/v2\/comments?post=408"}],"version-history":[{"count":4,"href":"https:\/\/sebastiandiezig.com\/wordpress\/wp-json\/wp\/v2\/pages\/408\/revisions"}],"predecessor-version":[{"id":523,"href":"https:\/\/sebastiandiezig.com\/wordpress\/wp-json\/wp\/v2\/pages\/408\/revisions\/523"}],"wp:featuredmedia":[{"embeddable":true,"href":"https:\/\/sebastiandiezig.com\/wordpress\/wp-json\/wp\/v2\/media\/520"}],"wp:attachment":[{"href":"https:\/\/sebastiandiezig.com\/wordpress\/wp-json\/wp\/v2\/media?parent=408"}],"curies":[{"name":"wp","href":"https:\/\/api.w.org\/{rel}","templated":true}]}}