{"id":411,"date":"2013-08-25T15:29:28","date_gmt":"2013-08-25T13:29:28","guid":{"rendered":"http:\/\/sebastiandiezig.com\/wordpress\/?page_id=411"},"modified":"2014-04-24T09:15:12","modified_gmt":"2014-04-24T07:15:12","slug":"konzerte-2013-archiv","status":"publish","type":"page","link":"https:\/\/sebastiandiezig.com\/wordpress\/konzerte-2013-archiv\/","title":{"rendered":"Konzerte 2013 (Archiv)"},"content":{"rendered":"<div id=\"PageDiv\">\n<table width=\"990\" border=\"0\" cellspacing=\"0\" cellpadding=\"0\">\n<tbody>\n<tr valign=\"top\">\n<td rowspan=\"2\">\n<h2><strong>JANUAR 2013<\/strong><\/h2>\n<h2><img loading=\"lazy\" decoding=\"async\" alt=\"FribourgCathedrale\" src=\"http:\/\/sebastiandiezig.com\/Deutsch\/Resources\/fribourgcathedrala.gif\" width=\"162\" height=\"89\" \/><img loading=\"lazy\" decoding=\"async\" alt=\"SebastianDiezig1\" src=\"http:\/\/sebastiandiezig.com\/Deutsch\/Resources\/sebastiandiezig1d.jpeg\" width=\"59\" height=\"89\" \/><\/h2>\n<p><strong>13.1.2013, 17:00, Fribourg, Musique Esp\u00e9rances, Centre le Ph\u00e9nix<\/strong><br \/>\nVirtuoses Solo-Rezital.<br \/>\nBach: 1. Cellosuite G-Dur<br \/>\nDiezig: Top Gun Variations op. 2<br \/>\nKodaly: Solo-Sonate op. 8<\/p>\n<p>&nbsp;<\/p>\n<h2><strong>FEBRUAR 2013<\/strong><\/h2>\n<p><img loading=\"lazy\" decoding=\"async\" alt=\"FribourgCathedrale1\" src=\"http:\/\/sebastiandiezig.com\/Deutsch\/Resources\/fribourgcathedrala.gif\" width=\"162\" height=\"89\" \/><\/p>\n<p><strong><strong><strong><strong><strong><strong><strong><strong>24.2.2013, 17h, Fribourg, Biblioth\u00e8que cantonale et universitaire<\/strong><\/strong><\/strong><\/strong><\/strong><\/strong><\/strong><\/strong><\/p>\n<p>Concert du Dimanche de l&#8217;Orchestre des Jeunes de Fribourg (Dir. Th\u00e9ophanis Kapsopoulos)<\/p>\n<p><strong><strong><strong><strong><strong><strong><strong><strong>Heitor Villa-Lobos: Bachiana Brasileira No. 5 pour soprano et 8 violoncelles<\/strong><\/strong><\/strong><\/strong><\/strong><\/strong><\/strong><\/strong><\/p>\n<p>Violoncelles: Pierre-Bernard Sudan, Sebastian Diezig, Justine Pelnena Chollet, S\u00e9bastien Br\u00e9guet, Nicolas Jungo, No\u00e9mie Grandjean, Simon Zeller, Diane D\u00e9glise<\/p>\n<p>&nbsp;<\/p>\n<h2><strong>M\u00c4RZ 2013<\/strong><\/h2>\n<h2><img loading=\"lazy\" decoding=\"async\" alt=\"images1b1\" src=\"http:\/\/sebastiandiezig.com\/Deutsch\/Resources\/images1b1a.jpeg\" width=\"64\" height=\"55\" \/><img loading=\"lazy\" decoding=\"async\" alt=\"mariaefstathiou\" src=\"http:\/\/sebastiandiezig.com\/Deutsch\/Resources\/mariaefstathiou.jpeg\" width=\"42\" height=\"55\" \/><img loading=\"lazy\" decoding=\"async\" alt=\"christinagallati\" src=\"http:\/\/sebastiandiezig.com\/Deutsch\/Resources\/christinagallati.jpeg\" width=\"51\" height=\"55\" \/><img loading=\"lazy\" decoding=\"async\" alt=\"KeikoYamaguchi\" src=\"http:\/\/sebastiandiezig.com\/English\/Resources\/keikoyamaguchi.jpeg\" width=\"44\" height=\"55\" \/><img loading=\"lazy\" decoding=\"async\" alt=\"markuswieser\" src=\"http:\/\/sebastiandiezig.com\/Deutsch\/Resources\/markuswieser.jpeg\" width=\"55\" height=\"55\" \/><img loading=\"lazy\" decoding=\"async\" alt=\"SebastianDiezig1a\" src=\"http:\/\/sebastiandiezig.com\/English\/Resources\/sebastiandiezig.jpeg\" width=\"44\" height=\"55\" \/><\/h2>\n<p><strong><strong><strong><strong><strong><strong><strong><strong><strong><strong><strong><strong>17.3.2013, 11h, Luzern, Theater (Foyer)<br \/>\n<\/strong><\/strong><\/strong>Kammermusik zum Thema &#8220;Italien&#8221;<\/strong><\/strong><\/strong><\/strong><\/strong><\/strong><\/strong><\/strong><\/strong><\/p>\n<p>Mauro Giuliani (1781\u20131829)<br \/>\nSerenata in A-Dur, op. 19 f\u00fcr Gitarre, Violine und Violoncello<br \/>\nLuigi Boccherini (1743\u20131805)<br \/>\nQuintett No. 4 in D-Dur, G. 448 f\u00fcr Gitarre und Streichquartett<br \/>\nHugo Wolf (1860\u20131903)<br \/>\nItalienische Serenade in G-Dur (1887) f\u00fcr Streichquartett<br \/>\nMario Castelnuovo-Tedesco (1895\u20131968)<br \/>\nQuintett op. 143 (1950) f\u00fcr Gitarre und Streichquart<\/p>\n<p>Maria Efstathiou*, Gitarre<br \/>\nChristina Gallati, 1. Violine<br \/>\nKeiko Yamaguchi, 2. Violine<br \/>\nMarkus Wieser, Viola<br \/>\nSebastian Diezig, Violoncello<\/p>\n<p>&nbsp;<\/p>\n<h2><strong>MAI 2013<\/strong><\/h2>\n<h2><img loading=\"lazy\" decoding=\"async\" alt=\"FribourgCathedrale1a\" src=\"http:\/\/sebastiandiezig.com\/Deutsch\/Resources\/fribourgcathedrala.gif\" width=\"162\" height=\"89\" \/><img loading=\"lazy\" decoding=\"async\" alt=\"ovuf\" src=\"http:\/\/sebastiandiezig.com\/Deutsch\/Resources\/ovuf.jpeg\" width=\"255\" height=\"89\" \/><img loading=\"lazy\" decoding=\"async\" alt=\"alexandruianos\" src=\"http:\/\/sebastiandiezig.com\/Deutsch\/Resources\/alexandruianos.jpeg\" width=\"90\" height=\"89\" \/><img loading=\"lazy\" decoding=\"async\" alt=\"SebastianDiezig2\" src=\"http:\/\/sebastiandiezig.com\/Deutsch\/Resources\/sebastiandiezig2c.jpeg\" width=\"59\" height=\"89\" \/><\/h2>\n<p><strong><strong><strong><strong>5.5.2013, 17h, Fribourg, Aula de l&#8217;universit\u00e9<\/strong><\/strong><\/strong><\/strong><\/p>\n<p>Orchestre de la ville et de l&#8217;uiversit\u00e9 de Fribourg<br \/>\nAlexandru Ianos, direction<br \/>\nSebastian Diezig, violoncelle<\/p>\n<p><strong>Dvorak: Concerto pour violoncelle<\/strong><br \/>\n___<\/p>\n<p>&nbsp;<\/p>\n<p><strong>16.5.2013, 16h-18h, Wettingen, Private Veranstaltung<\/strong><br \/>\nKammermusik mit Jonas Erni, Graziella Contratto u.a.<\/p>\n<p><strong><strong><strong><strong>___<\/strong><\/strong><\/strong><\/strong><\/p>\n<p><strong><strong><strong><strong>20.5.2013, 11h: Herrenhaus Grafenort<\/strong><\/strong><\/strong><\/strong><\/p>\n<p>&nbsp;<\/p>\n<p><img loading=\"lazy\" decoding=\"async\" alt=\"item7\" src=\"http:\/\/sebastiandiezig.com\/Deutsch\/Resources\/item7.jpeg\" width=\"179\" height=\"89\" \/><img loading=\"lazy\" decoding=\"async\" alt=\"item5\" src=\"http:\/\/sebastiandiezig.com\/Deutsch\/Resources\/item5.jpeg\" width=\"80\" height=\"89\" \/><img loading=\"lazy\" decoding=\"async\" alt=\"item4\" src=\"http:\/\/sebastiandiezig.com\/Deutsch\/Resources\/item4.jpeg\" width=\"121\" height=\"89\" \/><img loading=\"lazy\" decoding=\"async\" alt=\"item3\" src=\"http:\/\/sebastiandiezig.com\/Deutsch\/Resources\/item3b.jpeg\" width=\"72\" height=\"89\" \/><img loading=\"lazy\" decoding=\"async\" alt=\"SebastianDiezig3\" src=\"http:\/\/sebastiandiezig.com\/Deutsch\/Resources\/sebastiandiezige.jpeg\" width=\"59\" height=\"89\" \/><\/p>\n<p><strong><strong><strong><strong>So Jin Kim und Patrizia Pacozzi, Violinen \/ Alexander Besa, Viola, Sebastian Diezig, Cello<\/strong><\/strong><\/strong><\/strong><\/p>\n<p>Boccherini Streichquartett in D Dur Op. 52, No.2<br \/>\nPuccini Crisantemi<\/p>\n<p>-Pause-<\/p>\n<p>Verdi Streichquartett<\/p>\n<p>&nbsp;<\/p>\n<h2><strong><strong><strong><strong>JUNI 2013<\/strong><\/strong><\/strong><\/strong><\/h2>\n<p><img loading=\"lazy\" decoding=\"async\" alt=\"centreloewenberg\" src=\"http:\/\/sebastiandiezig.com\/Deutsch\/Resources\/centreloewenberg.jpeg\" width=\"196\" height=\"89\" \/><img loading=\"lazy\" decoding=\"async\" alt=\"PaulaNovoa\" src=\"http:\/\/sebastiandiezig.com\/Deutsch\/Resources\/paulanovoaa.jpeg\" width=\"60\" height=\"89\" \/><img loading=\"lazy\" decoding=\"async\" alt=\"SebastianDiezig\" src=\"http:\/\/sebastiandiezig.com\/Deutsch\/Resources\/sebastiandiezig.jpeg\" width=\"59\" height=\"89\" \/><\/p>\n<p><strong><strong><strong><strong>8.6.2013, 19h30, Murten, Orangerie des Centre Loewenberg<br \/>\nDuo Paula Novoa (Violine) und Sebastian Diezig (Cello)<\/strong><\/strong><\/strong><\/strong><\/p>\n<p><strong><strong><strong><strong>&#8220;Klangmalerei auf acht Saiten&#8221;<\/strong><\/strong><\/strong><\/strong><\/p>\n<p>Reinhold Gli\u00e8re (1875-1956): Acht St\u00fccke op. 39<br \/>\nFriedrich Dotzauer (1783-1860): Konzertantes Duo \u00fcber Themen von Rossinis Wilhelm Tell, op 124<br \/>\nMaurice Ravel (1875-1937): Sonate f\u00fcr Violine und Cello<br \/>\nFriedrich H\u00e4ndel (1685-1759),\u00a0arrangiert von Johan Halvorsen (1875-1935): Passacaglia<\/p>\n<p>&nbsp;<\/p>\n<p><img loading=\"lazy\" decoding=\"async\" alt=\"StUrsen\" src=\"http:\/\/sebastiandiezig.com\/Deutsch\/Resources\/stursen.jpeg\" width=\"89\" height=\"89\" \/><img loading=\"lazy\" decoding=\"async\" alt=\"Paula Novoa Silvia Nowak Bernard Maillard Sebastian Diezig Blitzingen\" src=\"http:\/\/sebastiandiezig.com\/Deutsch\/Resources\/paulanovoasilviaa.jpeg\" width=\"256\" height=\"89\" \/><\/p>\n<p><strong>15.6.2013, 20h,\u00a0<strong>St. Ursen (Kanton Fribourg), Kirche<br \/>\nDie Blitzingen Classic Connection zum ersten Mal in St. Ursen!<\/strong><\/strong><br \/>\nPaula Novoa (Violine); Silvia Nowak (Orgel, Cembalo, Blockfl\u00f6ten); Bernard Maillard (Tenor); Sebastian Diezig (Cello)<\/p>\n<p>J. M. LeClair, Sonate Nr. 8\u00a0<img loading=\"lazy\" decoding=\"async\" alt=\"item1j1\" src=\"http:\/\/sebastiandiezig.com\/Deutsch\/Resources\/item1a.gif\" width=\"16\" height=\"16\" \/><strong><a href=\"http:\/\/www.youtube.com\/watch?v=26dYcDryUSc\" target=\"_parent\">\u00a0Youtube&#8230;<\/a><\/strong><br \/>\nJ.S. Bach, Partita Nr. 2 in d-moll f\u00fcr Violine (Allemande u. Giga)<br \/>\nMozart, Zauberfl\u00f6te, Arien &#8220;Der Vogelf\u00e4nger&#8221; und &#8220;Das klinget so herrlich&#8221; (Papageno)<br \/>\nMozart, Ah vous dirai-je Maman Variationen f\u00fcr Cembalo<br \/>\nMozart, Zauberfl\u00f6te &#8220;Das Bildnis&#8221; (Tamino)<br \/>\nDiezig, Top Gun Variations f\u00fcr Cello solo\u00a0<img loading=\"lazy\" decoding=\"async\" alt=\"item1j\" src=\"http:\/\/sebastiandiezig.com\/Deutsch\/Resources\/item1a.gif\" width=\"16\" height=\"16\" \/><strong>\u00a0<a href=\"http:\/\/www.youtube.com\/watch?v=RM5raULrV4A\" target=\"_parent\">Youtube&#8230;<\/a><\/strong><br \/>\nMozart, Don Giovanni, Arie &#8220;Madamina&#8221; (Leporello)<\/p>\n<p>Eintritt frei, Kollekte am Ausgang<\/p>\n<p>___<\/p>\n<p><strong>18.6.2013 &#8211; Projekt 1 (Privat)<\/strong><\/p>\n<p><strong>25.-26.6.2013 &#8211; Projekt 1 (Privat)<\/strong><\/p>\n<p><strong><strong><strong><strong>___<\/strong><\/strong><\/strong><\/strong><\/p>\n<p><strong><strong><strong><strong>29.6.2013, Vierwaldst\u00e4ttersee, Privates Konzert<\/strong><\/strong><\/strong><\/strong><\/p>\n<p><strong><strong><strong><strong>Streichquartette mit So Jin Kim und Christina Gallati, Violinen \/ Alexander Besa, Viola, Sebastian Diezig, Cello<\/strong><\/strong><\/strong><\/strong><\/p>\n<p>Programm TBD<\/p>\n<p>&nbsp;<\/p>\n<h2><strong><strong><strong><strong>JULI\u00a02013<\/strong><\/strong><\/strong><\/strong><\/h2>\n<p><strong>8.7.2013, Projekt 1 (Privat)<\/strong><\/p>\n<p>&#8212;<\/p>\n<p><strong>13.7.2013, Projekt 1 (Privat)<\/strong><\/p>\n<p>&#8212;<\/p>\n<p><strong>27.7.2013, Merlischachen SZ, Privates Konzert<br \/>\n<\/strong>Bach 1<\/p>\n<p>&nbsp;<\/p>\n<h2><strong><strong><strong><strong>AUGUST\u00a02013<\/strong><\/strong><\/strong><\/strong><\/h2>\n<p><img loading=\"lazy\" decoding=\"async\" alt=\"item1\" src=\"http:\/\/sebastiandiezig.com\/Deutsch\/Resources\/konzer1.jpeg\" width=\"74\" height=\"51\" \/><\/p>\n<p><strong>9.8.2013, 19h30, Graz Citypark, Steirisches Kammermusik-Festival<\/strong><br \/>\nCello-Oktett &#8220;Djello Unchained&#8221; mit\u00a0Arp Julian,\u00a0Barralet James,\u00a0Detlef Mielke,\u00a0Huetter Erich Oskar,\u00a0Jakob Stepp,\u00a0Kristaps Bergs,\u00a0Sebastian Diezig,\u00a0Zita Varga.<\/p>\n<p>Musik aus Mission Impossible, Bolero, Vivaldi 4 seasons, Opera arias, Bond Casino Royale<\/p>\n<p>&#8212;<\/p>\n<p><strong>28.8.2013, Luzern, 11h30, Privates Konzert<\/strong><br \/>\nVector Quartett mit Denitza Kucera und Reiko Koi (Violinen), Bernd Haag (Viola) und Sebastian Diezig (Violoncello)<\/p>\n<p>&nbsp;<\/p>\n<h2><strong>SEPTEMBER 2013<\/strong><\/h2>\n<p><strong>14.9.2013, Zeit noch undefiniert, Privates Konzert<\/strong><br \/>\nVector Quartett mit Denitza Kucera und Reiko Koi (Violinen), Bernd Haag (Viola) und Sebastian Diezig (Violoncello)<\/p>\n<p>&#8212;<\/p>\n<p><strong>28.9.2013, 14h, Privates Konzert, Thun, Termin provisorisch reserviert<\/strong><\/p>\n<p>&nbsp;<\/p>\n<h2><strong><strong><strong><strong><strong><strong><strong><strong>OKTOBER\u00a02013<\/strong><\/strong><\/strong><\/strong><\/strong><\/strong><\/strong><\/strong><\/h2>\n<p><img loading=\"lazy\" decoding=\"async\" alt=\"item9\" src=\"http:\/\/sebastiandiezig.com\/Deutsch\/Resources\/item9.jpeg\" width=\"162\" height=\"89\" \/><img loading=\"lazy\" decoding=\"async\" alt=\"SebastianDiezig1b\" src=\"http:\/\/sebastiandiezig.com\/Deutsch\/Resources\/sebastiandiezig.jpeg\" width=\"59\" height=\"89\" \/><\/p>\n<p><strong><strong><strong><strong><strong><strong><strong><strong>3.10.2013, 20h, Tafers FR, Wier Seisler,<\/strong><\/strong><\/strong><strong>\u00a0<\/strong><strong>Gasthof St. Martin, Juchstrasse 1<\/strong><strong><strong><strong><strong><strong><strong><strong><strong><br \/>\nVirtuoses Solo-Rezital<\/strong><\/strong><\/strong><\/strong><\/strong><\/strong><\/strong><\/strong><\/strong><\/strong><\/strong><\/strong><\/strong><\/p>\n<p>Programm:<br \/>\nBach: Seuite Nr. 6 in D-Dur f\u00fcr Solocello<br \/>\n&#8212;Pause&#8212;<br \/>\nVeress: Solosonate<br \/>\nDiezig: Top Gun Variations op. 2<\/p>\n<p>Eintrittspreise: 25 CHF, erm\u00e4ssigt 20 CHF<\/p>\n<p>&nbsp;<\/p>\n<h2><strong><strong><strong><strong><strong><strong><strong><strong><strong><strong><strong><strong><strong><strong><strong><strong>NOVEMBER\u00a02013<\/strong><\/strong><\/strong><\/strong><\/strong><\/strong><\/strong><\/strong><\/strong><\/strong><\/strong><\/strong><\/strong><\/strong><\/strong><\/strong><\/h2>\n<p><strong>12.11.2013, 12h45-13h15, Luzern, privates Konzert<br \/>\n<\/strong>(Mozart Quintett Nr. 1 B-Dur)<br \/>\nVector Quartet Luzern (Denitza Kucera, Reiko Koi, Bernd Haag, Sebastian Diezig) &amp; Alexander Besa<\/p>\n<p>&#8212;&#8211;<\/p>\n<p><strong><strong><a href=\"http:\/\/sebastiandiezig.com\/wordpress\/wp-content\/uploads\/2013\/08\/gruppeluzerngr.jpg\"><img loading=\"lazy\" decoding=\"async\" alt=\"Harmoniemusik Kerns\" src=\"http:\/\/sebastiandiezig.com\/wordpress\/wp-content\/uploads\/2013\/08\/gruppeluzerngr-150x150.jpg\" width=\"150\" height=\"150\" \/><\/a><\/strong><img loading=\"lazy\" decoding=\"async\" alt=\"Beat Bl\u00e4ttler\" src=\"http:\/\/sebastiandiezig.com\/wordpress\/wp-content\/uploads\/2013\/08\/Bl\u00e4ttler-150x150.jpg\" width=\"150\" height=\"150\" \/><a href=\"http:\/\/sebastiandiezig.com\/wordpress\/wp-content\/uploads\/2013\/08\/sebastiandiezig1d.jpeg\"><img loading=\"lazy\" decoding=\"async\" class=\"alignnone size-thumbnail wp-image-37\" alt=\"Pressefoto 1\" src=\"http:\/\/sebastiandiezig.com\/wordpress\/wp-content\/uploads\/2013\/08\/sebastiandiezig1d-150x150.jpeg\" width=\"150\" height=\"150\" srcset=\"https:\/\/sebastiandiezig.com\/wordpress\/wp-content\/uploads\/2013\/08\/sebastiandiezig1d-150x150.jpeg 150w, https:\/\/sebastiandiezig.com\/wordpress\/wp-content\/uploads\/2013\/08\/sebastiandiezig1d-scaled-324x324.jpeg 324w, https:\/\/sebastiandiezig.com\/wordpress\/wp-content\/uploads\/2013\/08\/sebastiandiezig1d-scaled-100x100.jpeg 100w\" sizes=\"auto, (max-width: 150px) 100vw, 150px\" \/><\/a><\/strong><\/p>\n<p><strong><strong><strong><strong>15.11.2013, 20h, Kerns, Dossenhalle<br \/>\n<\/strong><\/strong><\/strong><strong><strong><strong><strong><strong>16.11.2013, 20h, Kerns, Dossenhalle<br \/>\n<\/strong><\/strong><\/strong><strong><strong><strong><strong><strong>17.11.2013, 14h, Kerns, Dossenhalle<br \/>\n<\/strong><\/strong><\/strong><strong>Johann De Meij, Cellokonzert &#8220;Casanova&#8221;<\/strong><\/strong><\/strong><\/strong><\/strong><\/strong><\/p>\n<p>Harmoniemusik Kerns \/ Beat Bl\u00e4ttler, Dirigent \/ Sebastian Diezig, Cello<br \/>\nErwachsene CHF 15.- \/ AHV u. Kinder unter 16 Jahren CHF 10.- \/ bis 6 Jahre kostenlos<br \/>\nVorverkauf mit Platzreservation: Raiffeisen Kerns<br \/>\nBarbetrieb 30 Min vor Konzertbeginn<\/p>\n<p>&#8212;&#8211;<\/p>\n<p><strong>22.11.2013, 19h, Luzern Weinbergli<br \/>\n<\/strong>Vector Quartett mit Denitza Kucera und Reiko Koi (Violinen), Bernd Haag (Viola) und Sebastian Diezig (Cello) sowie Alexander Besa (Viola)<br \/>\nW. A. Mozart: Streichquintett Nr.1, in B-Dur, KV 174 (1773)<br \/>\nW. A. Mozart: Streichquintett Nr.2, c-Moll KV 406 (1782)\u00a0nach neuen Erkenntnissen Fr\u00fchjahr 1787 (KV 516b), Arrangement der Bl\u00e4serserenade KV 388)<\/p>\n<p><a href=\"http:\/\/sebastiandiezig.com\/wordpress\/wp-content\/uploads\/2013\/08\/Kirche-Weinbergli-Flyer.pdf\">Konzert Kirche Weinbergli Flyer<\/a><\/p>\n<p>&#8212;<\/p>\n<p><strong><strong><strong><strong><strong><strong><strong><strong>24.11.2013, 11h, Herrenhaus Grafenort, Matinee<br \/>\n<\/strong><\/strong><\/strong>Vector Quartett mit Denitza Kucera und Reiko Koi (VIolinen), Bernd Haag (Viola) und Sebastian Diezig (Cello) sowie Alexander Besa (Viola)<br \/>\nW. A. Mozart: Streichquintett Nr.1, in B-Dur, KV 174 (1773)<br \/>\nW. A. Mozart: Streichquintett Nr.2, c-Moll KV 406 (1782)\u00a0nach neuen Erkenntnissen Fr\u00fchjahr 1787 (KV 516b), Arrangement der Bl\u00e4serserenade KV 388)<\/strong><\/strong><\/strong><\/strong><\/strong><\/p>\n<p><a href=\"http:\/\/sebastiandiezig.com\/wordpress\/wp-content\/uploads\/2013\/08\/Matinee_2014_GzD3.pdf\">Flyer Konzert Herrenhaus Grafenort 24.11.2013 11h<\/a><\/p>\n<p>&nbsp;<\/p>\n<h2><strong><strong><strong><strong><strong><strong><strong><strong><strong><strong><strong><strong><strong><strong><strong><strong><strong><strong><strong><strong><strong><strong><strong><strong>DEZEMBER\u00a02013<\/strong><\/strong><\/strong><\/strong><\/strong><\/strong><\/strong><\/strong><\/strong><\/strong><\/strong><\/strong><\/strong><\/strong><\/strong><\/strong><\/strong><\/strong><\/strong><\/strong><\/strong><\/strong><\/strong><\/strong><\/h2>\n<p><img loading=\"lazy\" decoding=\"async\" alt=\"item8\" src=\"http:\/\/sebastiandiezig.com\/Francais\/Resources\/item8.jpeg\" width=\"41\" height=\"48\" \/><img loading=\"lazy\" decoding=\"async\" alt=\"PaulaNovoa2\" src=\"http:\/\/sebastiandiezig.com\/Francais\/Resources\/paulanovoa1.jpeg\" width=\"60\" height=\"48\" \/><img loading=\"lazy\" decoding=\"async\" alt=\"Geige\" src=\"http:\/\/sebastiandiezig.com\/English\/Resources\/item1b1.jpeg\" width=\"65\" height=\"48\" \/><img loading=\"lazy\" decoding=\"async\" alt=\"BernardMaillard1a\" src=\"http:\/\/sebastiandiezig.com\/Francais\/Resources\/bernardmaillard1.gif\" width=\"50\" height=\"48\" \/><img loading=\"lazy\" decoding=\"async\" alt=\"sebastiandiezig1c1a4\" src=\"http:\/\/sebastiandiezig.com\/English\/Resources\/sebastiandiezig1.jpeg\" width=\"56\" height=\"48\" \/><\/p>\n<p><strong><strong><strong><strong><strong><strong><strong><strong><strong><strong><strong><strong><strong><strong><strong><strong><strong><strong><strong><strong><strong><strong><strong><strong>29.12.2013, 17h, Blitzingen, Kirche<br \/>\n<\/strong><\/strong><\/strong>Traditioneller fr\u00f6hlicher Jahresausklang<\/strong><\/strong><\/strong><\/strong><\/strong><\/strong><\/strong><\/strong><\/strong><\/strong><\/strong><\/strong><\/strong><\/strong><\/strong><\/strong><\/strong><\/strong><\/strong><\/strong><\/strong><\/p>\n<p>Programm:<\/p>\n<p>Georg Friedrich H\u00e4ndel Aus der Oper \u201eRodelinde\u201c:<br \/>\n(1685 \u2013 1759) Rezitativ und Arie des Grimwald<\/p>\n<p>Antonio Vivaldi Sonata per violino et basso continuo in G-Dur RV 22<br \/>\n(1678 \u2013 1741) Preludio \u2013 Allemanda \u2013 Andante &#8211; Corrente<\/p>\n<p>Johann Sebastian Bach Aus der Cellosuite Nr. 1 in G-Dur:<br \/>\n(1685 \u2013 1750) Pr\u00e4ludium &#8211; Gigue<\/p>\n<p>Christoph Willibald Ritter von Gluck Aus der Oper \u201eIphigenie auf Tauris\u201c:<br \/>\n(1714 \u2013 1787) Rezitativ und Arie des Pylades<\/p>\n<p>Johann Joachim Quantz Triosonate C-Dur<br \/>\n(1697 \u2013 1773) Affetuoso \u2013 Alla Breve \u2013 Larghetto \u2013 Vivace<\/p>\n<p>Wolfgang Amadeus Mozart Aus der Oper \u201eDon Giovanni\u201c:<br \/>\n(1756 \u2013 1791) Canzonetta des Don Giovanni:<br \/>\n\u201eDeh vieni alla finestra\u201c<\/p>\n<p>Franz Joseph Haydn Trio in G-Dur \u201eZigeuner-Trio\u201c Hob. XV: 25<br \/>\n(1732 \u2013 1809) Andante \u2013 Poco adagio \u2013 Rondo Finale im Zigeunerstil (Presto)<\/p>\n<p>Wolfgang Amadeus Mozart Aus der Oper \u201eFigaro\u201c:<br \/>\n(1756 \u2013 1791) Rezitativ und Kavatine des Figaro<\/p>\n<p>*****<\/p>\n<p>EINTRITT FREI, KOLLEKTE AM AUSGANG<\/p>\n<p>IM ANSCHLUSS ANS KONZERT FOLGT DER RACLETTEPLAUSCH IM SCHULHAUS, OFFERIERT VON DER GEMEINDE BLITZINGEN.<\/p>\n<p><strong><strong><strong><strong><strong><strong><strong><strong><strong><strong><strong><strong><strong><strong><strong><strong><strong><strong><strong><strong><strong><br \/>\nPaula Novoa (Violine), Silvia Nowak (Cembalo), Bernard Maillard (Tenor), Sebastian Diezig (Cello)<\/strong><\/strong><\/strong><\/strong><\/strong><\/strong><\/strong><\/strong><\/strong><\/strong><\/strong><\/strong><\/strong><\/strong><\/strong><\/strong><\/strong><\/strong><\/strong><\/strong><\/strong><\/td>\n<td><\/td>\n<td><\/td>\n<td><\/td>\n<\/tr>\n<\/tbody>\n<\/table>\n<\/div>\n","protected":false},"excerpt":{"rendered":"<p>JANUAR 2013 13.1.2013, 17:00, Fribourg, Musique Esp\u00e9rances, Centre le Ph\u00e9nix Virtuoses Solo-Rezital. Bach: 1. Cellosuite G-Dur Diezig: Top Gun Variations op. 2 Kodaly: Solo-Sonate op. 8 &nbsp; FEBRUAR 2013 24.2.2013, 17h, Fribourg, Biblioth\u00e8que cantonale et universitaire Concert du Dimanche de l&#8217;Orchestre des Jeunes de Fribourg (Dir. Th\u00e9ophanis Kapsopoulos) Heitor Villa-Lobos: Bachiana Brasileira No. 5 pour [&hellip;]<\/p>\n","protected":false},"author":1,"featured_media":520,"parent":0,"menu_order":0,"comment_status":"open","ping_status":"closed","template":"","meta":{"footnotes":""},"class_list":["post-411","page","type-page","status-publish","has-post-thumbnail","hentry"],"jetpack_sharing_enabled":true,"_links":{"self":[{"href":"https:\/\/sebastiandiezig.com\/wordpress\/wp-json\/wp\/v2\/pages\/411","targetHints":{"allow":["GET"]}}],"collection":[{"href":"https:\/\/sebastiandiezig.com\/wordpress\/wp-json\/wp\/v2\/pages"}],"about":[{"href":"https:\/\/sebastiandiezig.com\/wordpress\/wp-json\/wp\/v2\/types\/page"}],"author":[{"embeddable":true,"href":"https:\/\/sebastiandiezig.com\/wordpress\/wp-json\/wp\/v2\/users\/1"}],"replies":[{"embeddable":true,"href":"https:\/\/sebastiandiezig.com\/wordpress\/wp-json\/wp\/v2\/comments?post=411"}],"version-history":[{"count":25,"href":"https:\/\/sebastiandiezig.com\/wordpress\/wp-json\/wp\/v2\/pages\/411\/revisions"}],"predecessor-version":[{"id":1167,"href":"https:\/\/sebastiandiezig.com\/wordpress\/wp-json\/wp\/v2\/pages\/411\/revisions\/1167"}],"wp:featuredmedia":[{"embeddable":true,"href":"https:\/\/sebastiandiezig.com\/wordpress\/wp-json\/wp\/v2\/media\/520"}],"wp:attachment":[{"href":"https:\/\/sebastiandiezig.com\/wordpress\/wp-json\/wp\/v2\/media?parent=411"}],"curies":[{"name":"wp","href":"https:\/\/api.w.org\/{rel}","templated":true}]}}