{"id":414,"date":"2013-08-25T15:30:08","date_gmt":"2013-08-25T13:30:08","guid":{"rendered":"http:\/\/sebastiandiezig.com\/wordpress\/?page_id=414"},"modified":"2013-08-28T19:11:57","modified_gmt":"2013-08-28T17:11:57","slug":"konzerte-2011-archiv","status":"publish","type":"page","link":"https:\/\/sebastiandiezig.com\/wordpress\/konzerte-2011-archiv\/","title":{"rendered":"Konzerte 2011 (Archiv)"},"content":{"rendered":"<h2>JANUAR 2011<\/h2>\n<p><img loading=\"lazy\" decoding=\"async\" alt=\"item12\" src=\"http:\/\/sebastiandiezig.com\/Francais\/Resources\/item12a.jpeg\" width=\"75\" height=\"48\" \/><img loading=\"lazy\" decoding=\"async\" alt=\"item1\" src=\"http:\/\/sebastiandiezig.com\/Francais\/Resources\/item1.gif\" width=\"100\" height=\"48\" \/><img loading=\"lazy\" decoding=\"async\" alt=\"item3\" src=\"http:\/\/sebastiandiezig.com\/English\/Resources\/item3a.jpeg\" width=\"74\" height=\"48\" \/><img loading=\"lazy\" decoding=\"async\" alt=\"item7\" src=\"http:\/\/sebastiandiezig.com\/Deutsch\/Resources\/item7.gif\" width=\"68\" height=\"48\" \/><\/p>\n<p><strong><strong>21.1.2011, 21h, Basel, Museumsnacht, Basler M\u00fcnster (Magdalenenkapelle, Gl\u00fchweinbar!)<br \/>\n<\/strong><\/strong>Brahms Klaviertrio Nr. 1 op. 8 in H-Dur<br \/>\nLaszlo Fogarassy, Violine; Sebastian Diezig, Cello, Riccardo Bovino, Klavier<\/p>\n<p>&nbsp;<\/p>\n<p><strong><strong>22.1.2011, Fribourg\/Bourgillon, Private Veranstaltung.<\/strong><\/strong><\/p>\n<p>&nbsp;<\/p>\n<p><img loading=\"lazy\" decoding=\"async\" alt=\"Geige\" src=\"http:\/\/sebastiandiezig.com\/Francais\/Resources\/item1b.jpeg\" width=\"64\" height=\"48\" \/><img loading=\"lazy\" decoding=\"async\" alt=\"BernardMaillard\" src=\"http:\/\/sebastiandiezig.com\/Deutsch\/Resources\/bernardmaillard.gif\" width=\"50\" height=\"48\" \/><img loading=\"lazy\" decoding=\"async\" alt=\"images1\" src=\"http:\/\/sebastiandiezig.com\/Deutsch\/Resources\/images1a.jpeg\" width=\"78\" height=\"49\" \/><img loading=\"lazy\" decoding=\"async\" alt=\"sebastiandiezig1c1\" src=\"http:\/\/sebastiandiezig.com\/Deutsch\/Resources\/sebastiandiezig1a.jpeg\" width=\"56\" height=\"48\" \/><\/p>\n<p><strong><strong><strong><strong><strong><strong>28.1.2011, 20h,\u00a0<\/strong><\/strong>Les Paccots,\u00a0<strong>Kapelle<\/strong><\/strong><br \/>\nBarockmusik<br \/>\nProgramm TBA<br \/>\nSilvia Nowak, Blockfl\u00f6ten; Bernard Maillard, Tenor; Jacqueline Toussaint, Cembalo; Sebastian Diezig, Cello<\/strong><\/strong><\/strong><\/p>\n<p>&nbsp;<\/p>\n<p>***<\/p>\n<p>&nbsp;<\/p>\n<h2>FEBRUAR 2011<\/h2>\n<p><img loading=\"lazy\" decoding=\"async\" alt=\"images1b\" src=\"http:\/\/sebastiandiezig.com\/English\/Resources\/images1b.jpeg\" width=\"64\" height=\"48\" \/><img loading=\"lazy\" decoding=\"async\" alt=\"images\" src=\"http:\/\/sebastiandiezig.com\/Francais\/Resources\/images.jpeg\" width=\"42\" height=\"49\" \/><img loading=\"lazy\" decoding=\"async\" alt=\"item3b\" src=\"http:\/\/sebastiandiezig.com\/English\/Resources\/item3.jpeg\" width=\"74\" height=\"49\" \/><\/p>\n<p><strong><strong>26.2.2011, Luzern (Privat)<br \/>\n<\/strong><\/strong>Joachim Jesse Celloduos Aufnahmen. (Privat)<br \/>\nBeat Feigenwinter, Cello; Sebastian Diezig, Cello<\/p>\n<p>&nbsp;<\/p>\n<p>***<\/p>\n<p>&nbsp;<\/p>\n<h2>APRIL 2011<\/h2>\n<p><img loading=\"lazy\" decoding=\"async\" alt=\"fribourgtourcathedrale8505\" src=\"http:\/\/sebastiandiezig.com\/Francais\/Resources\/fribourgtourcathe.gif\" width=\"90\" height=\"48\" \/><img loading=\"lazy\" decoding=\"async\" alt=\"item3a1\" src=\"http:\/\/sebastiandiezig.com\/English\/Resources\/item3a.jpeg\" width=\"74\" height=\"48\" \/><\/p>\n<p><strong>1.4.2011, 12h15-12h45, Fribourg, Centre le Ph\u00e9nix Lunch Concert<\/strong><br \/>\nKodaly Sonate f\u00fcr Solocello op. 8<br \/>\nSebastian Diezig, Cello<\/p>\n<p>&nbsp;<\/p>\n<p><img loading=\"lazy\" decoding=\"async\" alt=\"images1b1\" src=\"http:\/\/sebastiandiezig.com\/English\/Resources\/images1b.jpeg\" width=\"64\" height=\"48\" \/><\/p>\n<p><strong>1.4.2011, 18h30, Luzern, Private Veranstaltung<\/strong><br \/>\nBarri\u00e8re Sonate No. 10<br \/>\nP\u00e9ter Somodari und Sebastian Diezig, Celli<\/p>\n<p>&nbsp;<\/p>\n<p>***<\/p>\n<p>&nbsp;<\/p>\n<h2>MAI 2011<\/h2>\n<p><strong><strong><strong><strong>24.5.2011, 10h, Z\u00fcrich HDK<br \/>\n<\/strong><\/strong><\/strong>Brahms Trio f\u00fcr Violine, Cello und Klavier Nr. 3 in c-moll<br \/>\nDanny Gu, Violine; Sebastian Diezig, Cello; Michael Mahnig, Klavier<\/strong><\/p>\n<p>&nbsp;<\/p>\n<p><strong><strong>26.5.2011, Geschlossene Veranstaltung. (Luzern, St. Karli Schulhaus)<\/strong><\/strong><\/p>\n<p>&nbsp;<\/p>\n<p>***<\/p>\n<p>&nbsp;<\/p>\n<h2>JUNI 2011<\/h2>\n<p><strong><strong><strong><strong><strong><strong>3.6.2011, 20h, Aula Cher Sarnen, Sarnen Internationale Horntage<br \/>\n<\/strong><\/strong><\/strong>Werke von Haydn, Beethoven und Mozart<br \/>\nHorn: Radovan Vlatkovic \u0301, Ab Koster, Wolfgang Gaag, Georg Sonnleitner, Lukas Christinat, Hermann Baumann, Violine: Anja R\u00f6hn, Christina Gallati, Viola: Natascha Sprzagala, Violoncello: Sebastian Diezig, Kontrabass: Petar Naydenov<strong><strong><strong><strong><strong><strong><br \/>\n<\/strong><\/strong><\/strong><\/strong><\/strong><\/strong><\/strong><\/strong><\/strong><\/p>\n<p>&nbsp;<\/p>\n<p><img loading=\"lazy\" decoding=\"async\" alt=\"item12a\" src=\"http:\/\/sebastiandiezig.com\/Francais\/Resources\/item12a.jpeg\" width=\"75\" height=\"48\" \/><img loading=\"lazy\" decoding=\"async\" alt=\"akiko\" src=\"http:\/\/sebastiandiezig.com\/Deutsch\/Resources\/akiko.gif\" width=\"49\" height=\"48\" \/><img loading=\"lazy\" decoding=\"async\" alt=\"Anja\" src=\"http:\/\/sebastiandiezig.com\/Deutsch\/Resources\/anja.gif\" width=\"49\" height=\"48\" \/><img loading=\"lazy\" decoding=\"async\" alt=\"Ria\" src=\"http:\/\/sebastiandiezig.com\/Deutsch\/Resources\/ria.gif\" width=\"49\" height=\"48\" \/><img loading=\"lazy\" decoding=\"async\" alt=\"Judith\" src=\"http:\/\/sebastiandiezig.com\/Deutsch\/Resources\/judith.gif\" width=\"49\" height=\"48\" \/><img loading=\"lazy\" decoding=\"async\" alt=\"item3a2\" src=\"http:\/\/sebastiandiezig.com\/Deutsch\/Resources\/item3a2.jpeg\" width=\"74\" height=\"48\" \/><\/p>\n<p><strong><strong>15.6.2011, 18h, Basel Altstadtserenaden, Museum kleines Klingental<br \/>\n<\/strong><\/strong>Barri\u00e8re Sonata No. 10 f\u00fcr 2 Celli<br \/>\nSchubert Quintett C-Dur D956<br \/>\nAkiko Hasegawa, Violine; Anja Wobak-Eder, Violine; Maria Wolff-Schabenberger, Viola; Judith Gerster, Violoncello; Sebastian Diezig, Violoncello<\/p>\n<p>&nbsp;<\/p>\n<p>***<\/p>\n<p>&nbsp;<\/p>\n<h2>JULI 2011<\/h2>\n<p><strong>12.7.2011, 10h, Luzern, Private Veranstaltung<br \/>\n<\/strong>(Werke von Bach &amp; Casals)<\/p>\n<p>&nbsp;<\/p>\n<p><img loading=\"lazy\" decoding=\"async\" alt=\"switzerland012aarau\" src=\"http:\/\/sebastiandiezig.com\/Deutsch\/Resources\/switzerland012aa.jpeg\" width=\"52\" height=\"48\" \/><img loading=\"lazy\" decoding=\"async\" alt=\"item3a\" src=\"http:\/\/sebastiandiezig.com\/English\/Resources\/item3a.jpeg\" width=\"74\" height=\"48\" \/><\/p>\n<p><strong>21.7.2011, 19:00, Aarau, Golattikeller<br \/>\n<\/strong>\u201eUngarischer Abend\u201c<br \/>\nVirtuoses Solo-Rezital: Veress und Kodaly Sonaten f\u00fcr Cello Solo<br \/>\nSebastian Diezig, Cello<\/p>\n<p>&nbsp;<\/p>\n<p><strong>26.7.2011, 10h, Kriens, Private Veranstaltung<br \/>\n<\/strong>(Werke von Bach)<\/p>\n<p>&nbsp;<\/p>\n<p>***<\/p>\n<p>&nbsp;<\/p>\n<h2><a name=\"Oktober\"><\/a>OKTOBER 2011<\/h2>\n<p><img loading=\"lazy\" decoding=\"async\" alt=\"NeuchatelNeuenburg\" src=\"http:\/\/sebastiandiezig.com\/Deutsch\/Resources\/neuchatelneuenbu.jpeg\" width=\"173\" height=\"70\" \/><img loading=\"lazy\" decoding=\"async\" alt=\"DiezigZappaCantori\" src=\"http:\/\/sebastiandiezig.com\/Deutsch\/Resources\/diezigzappacanto.jpeg\" width=\"255\" height=\"70\" \/><\/p>\n<p><strong><strong>2.10.2011, 17h, Neuenburg, Chapelle de la Maladi\u00e8re<br \/>\nBENEFIZKONZERT F\u00dcR\u00a0<a href=\"http:\/\/www.mail-mali.ch\/\" target=\"_parent\">ASS. MAIL MALI<\/a><br \/>\nEintritt frei, Kollekte am Ausgang<br \/>\n<\/strong><\/strong>Mattia Zappa, Cello ; Yo\u00ebl Cantori, Cello ; Sebastian Diezig, Cello<\/p>\n<p>J. S. Bach, Gambensonate Nr. 1 G-Dur BWV 1027\u00a0(Bearb. M. Zappa)<br \/>\nSollima,\u00a0La Folia f\u00fcr Violoncello solo<br \/>\nFreie Improvisation (Mattia Zappa)<br \/>\nHaydn, Divertimento D-Dur f\u00fcr drei Violoncelli<br \/>\n<img loading=\"lazy\" decoding=\"async\" alt=\"ParktheaterBensheim\" src=\"http:\/\/sebastiandiezig.com\/Deutsch\/Resources\/parktheaterbensh.jpeg\" width=\"73\" height=\"48\" \/><img loading=\"lazy\" decoding=\"async\" alt=\"MattiaZappa\" src=\"http:\/\/sebastiandiezig.com\/Francais\/Resources\/mattiazappa.jpeg\" width=\"73\" height=\"48\" \/><img loading=\"lazy\" decoding=\"async\" alt=\"YoelCantori\" src=\"http:\/\/sebastiandiezig.com\/Francais\/Resources\/yoelcantori.jpeg\" width=\"76\" height=\"48\" \/><img loading=\"lazy\" decoding=\"async\" alt=\"SebastianDiezig\" src=\"http:\/\/sebastiandiezig.com\/Francais\/Resources\/sebastiandiezig.jpeg\" width=\"74\" height=\"48\" \/><img loading=\"lazy\" decoding=\"async\" alt=\"MassimilianoMainolfi\" src=\"http:\/\/sebastiandiezig.com\/Francais\/Resources\/massimilianomain.jpeg\" width=\"74\" height=\"48\" \/><\/p>\n<p><strong><strong>8.10.2011, 20h, Kunstfreunde Bensheim (D), Parktheater<br \/>\n<\/strong><\/strong>Mattia Zappa, Cello ; Yo\u00ebl Cantori, Cello ; Sebastian Diezig, Cello ; Massimiliano Mainolfi, Klavier<\/p>\n<p>J. S. Bach, Gambensonate Nr. 1 G-Dur BWV 1027\u00a0(Bearb. M. Zappa)<br \/>\nHaydn, Divertimento D-Dur f\u00fcr drei Violoncelli<br \/>\nPiazzolla,\u00a0Le Grand Tango<br \/>\nSollima,\u00a0La Folia f\u00fcr Violoncello solo<br \/>\nDebussy,\u00a0Cellosonate<br \/>\nSibelius,\u00a0Malinconia op. 20<br \/>\nPopper,\u00a0Requiem op. 66 f\u00fcr drei Celli und Klavier<\/p>\n<p>&nbsp;<\/p>\n<p><strong>13.10.2011, 13h30, Gr\u00fcningen (Privates Konzert)<br \/>\n<\/strong>Saint-Sa\u00ebns, Mendelssohn, Schubert<\/p>\n<p>&nbsp;<\/p>\n<p>***<\/p>\n<p>&nbsp;<\/p>\n<h2>NOVEMBER 2011<\/h2>\n<p><img loading=\"lazy\" decoding=\"async\" alt=\"TempledeFribourg\" src=\"http:\/\/sebastiandiezig.com\/English\/Resources\/templedefribourg.jpeg\" width=\"92\" height=\"66\" \/><\/p>\n<p><strong><strong><strong>27.11.2011,<strong>\u00a017h,\u00a0<\/strong><\/strong><\/strong><strong>Fribourg, Reformierte Kirche\u00a0<\/strong><br \/>\n<a href=\"http:\/\/www.ojf.ch\/\" target=\"_parent\">Jugendorchester Freiburg<\/a>, Dirigent: Th\u00e9ophanis Kapsopoulos<\/strong><\/p>\n<p>Villa-Lobos: Bachiana No. 1 f\u00fcr 8 Celli (Cellisten: Pierre-Bernard Sudan,\u00a0Sebastian Diezig, Justine Pelnena Chollet, S\u00e9bastien Br\u00e9guet, Nicolas Jungo, Zoltan Despond, Simon Zeller, Diane D\u00e9glise)<br \/>\nBach: Fugen<br \/>\nOberson: Cellokonzert (Solist: Pierre-Bernard Sudan, Cello)<\/p>\n<p>&nbsp;<\/p>\n<p>***<\/p>\n<p>&nbsp;<\/p>\n<h2>DEZEMBER 2011<\/h2>\n<p><strong>11.12.2011, 20:00, Schwarzenburg, Gottesdienst<br \/>\n<\/strong>Silvia Nowak (Cembalo), Sebastian Diezig (Cello)<br \/>\nAus den Bachschen Gambensonaten Nr. 1&amp;2<\/p>\n<p>&nbsp;<\/p>\n<p><img loading=\"lazy\" decoding=\"async\" alt=\"item8\" src=\"http:\/\/sebastiandiezig.com\/Francais\/Resources\/item8.jpeg\" width=\"41\" height=\"48\" \/><img loading=\"lazy\" decoding=\"async\" alt=\"PaulaNovoa\" src=\"http:\/\/sebastiandiezig.com\/English\/Resources\/paulanovoa.jpeg\" width=\"60\" height=\"48\" \/><img loading=\"lazy\" decoding=\"async\" alt=\"Geige\" src=\"http:\/\/sebastiandiezig.com\/English\/Resources\/item1b1.jpeg\" width=\"65\" height=\"48\" \/><img loading=\"lazy\" decoding=\"async\" alt=\"BernardMaillard1\" src=\"http:\/\/sebastiandiezig.com\/Deutsch\/Resources\/bernardmaillard.gif\" width=\"50\" height=\"48\" \/><img loading=\"lazy\" decoding=\"async\" alt=\"sebastiandiezig1c1a\" src=\"http:\/\/sebastiandiezig.com\/English\/Resources\/sebastiandiezig1.jpeg\" width=\"56\" height=\"48\" \/><\/p>\n<p><strong>29.12.2011, 18:00,\u00a0<strong>Blitzingen, Pfarrkirche<br \/>\n<\/strong><\/strong>&#8220;Festliches Barockkonzert zum Jahresausklang&#8221;<br \/>\nPaula Novoa (Violine); Silvia Nowak (Orgel, Cembalo, Blockfl\u00f6ten); Bernard Maillard (Tenor); Sebastian Diezig (Cello)<\/p>\n<p>Schickardt, Variationen \u00fcber das Folia-Thema<br \/>\nTelemann, Kantate &#8220;Ich weiss, dass mein Erl\u00f6ser lebt&#8221; TWV 1.877<br \/>\nBuxtehude, Kantate &#8220;Singet dem Herrn&#8221;<br \/>\nHaendel-Halvorsen, Passacaglia<br \/>\nBach, aus den Gambensonaten<\/p>\n<p>Eintritt frei &#8211; Kollekte Danke!<br \/>\n<strong>Acnhliessend Ap\u00e9ro (offeriert von der Gemeinde Blitzingen)<\/strong><\/p>\n","protected":false},"excerpt":{"rendered":"<p>JANUAR 2011 21.1.2011, 21h, Basel, Museumsnacht, Basler M\u00fcnster (Magdalenenkapelle, Gl\u00fchweinbar!) Brahms Klaviertrio Nr. 1 op. 8 in H-Dur Laszlo Fogarassy, Violine; Sebastian Diezig, Cello, Riccardo Bovino, Klavier &nbsp; 22.1.2011, Fribourg\/Bourgillon, Private Veranstaltung. &nbsp; 28.1.2011, 20h,\u00a0Les Paccots,\u00a0Kapelle Barockmusik Programm TBA Silvia Nowak, Blockfl\u00f6ten; Bernard Maillard, Tenor; Jacqueline Toussaint, Cembalo; Sebastian Diezig, Cello &nbsp; *** &nbsp; FEBRUAR [&hellip;]<\/p>\n","protected":false},"author":1,"featured_media":520,"parent":0,"menu_order":0,"comment_status":"open","ping_status":"open","template":"","meta":{"footnotes":""},"class_list":["post-414","page","type-page","status-publish","has-post-thumbnail","hentry"],"jetpack_sharing_enabled":true,"_links":{"self":[{"href":"https:\/\/sebastiandiezig.com\/wordpress\/wp-json\/wp\/v2\/pages\/414","targetHints":{"allow":["GET"]}}],"collection":[{"href":"https:\/\/sebastiandiezig.com\/wordpress\/wp-json\/wp\/v2\/pages"}],"about":[{"href":"https:\/\/sebastiandiezig.com\/wordpress\/wp-json\/wp\/v2\/types\/page"}],"author":[{"embeddable":true,"href":"https:\/\/sebastiandiezig.com\/wordpress\/wp-json\/wp\/v2\/users\/1"}],"replies":[{"embeddable":true,"href":"https:\/\/sebastiandiezig.com\/wordpress\/wp-json\/wp\/v2\/comments?post=414"}],"version-history":[{"count":4,"href":"https:\/\/sebastiandiezig.com\/wordpress\/wp-json\/wp\/v2\/pages\/414\/revisions"}],"predecessor-version":[{"id":522,"href":"https:\/\/sebastiandiezig.com\/wordpress\/wp-json\/wp\/v2\/pages\/414\/revisions\/522"}],"wp:featuredmedia":[{"embeddable":true,"href":"https:\/\/sebastiandiezig.com\/wordpress\/wp-json\/wp\/v2\/media\/520"}],"wp:attachment":[{"href":"https:\/\/sebastiandiezig.com\/wordpress\/wp-json\/wp\/v2\/media?parent=414"}],"curies":[{"name":"wp","href":"https:\/\/api.w.org\/{rel}","templated":true}]}}