{"id":4161,"date":"2022-09-29T17:47:00","date_gmt":"2022-09-29T15:47:00","guid":{"rendered":"http:\/\/sebastiandiezig.com\/wordpress\/?page_id=4161"},"modified":"2024-06-16T00:05:54","modified_gmt":"2024-06-15T22:05:54","slug":"konzerte-2023","status":"publish","type":"page","link":"https:\/\/sebastiandiezig.com\/wordpress\/konzerte-2023\/","title":{"rendered":"Konzerte 2023 (Archiv)"},"content":{"rendered":"\n<h3 class=\"wp-block-heading\">JANUAR 2023<\/h3>\n\n\n\n<figure class=\"wp-block-image size-large is-resized\"><a href=\"http:\/\/sebastiandiezig.com\/wordpress\/wp-content\/uploads\/2023\/01\/Carla-Deplazes-und-Sebastian-Diezig.png\"><img loading=\"lazy\" decoding=\"async\" src=\"http:\/\/sebastiandiezig.com\/wordpress\/wp-content\/uploads\/2023\/01\/Carla-Deplazes-und-Sebastian-Diezig-940x515.png\" alt=\"\" class=\"wp-image-4187\" style=\"width:470px;height:258px\" width=\"470\" height=\"258\" srcset=\"https:\/\/sebastiandiezig.com\/wordpress\/wp-content\/uploads\/2023\/01\/Carla-Deplazes-und-Sebastian-Diezig-940x515.png 940w, https:\/\/sebastiandiezig.com\/wordpress\/wp-content\/uploads\/2023\/01\/Carla-Deplazes-und-Sebastian-Diezig-416x228.png 416w, https:\/\/sebastiandiezig.com\/wordpress\/wp-content\/uploads\/2023\/01\/Carla-Deplazes-und-Sebastian-Diezig-580x318.png 580w, https:\/\/sebastiandiezig.com\/wordpress\/wp-content\/uploads\/2023\/01\/Carla-Deplazes-und-Sebastian-Diezig-768x421.png 768w, https:\/\/sebastiandiezig.com\/wordpress\/wp-content\/uploads\/2023\/01\/Carla-Deplazes-und-Sebastian-Diezig-695x381.png 695w, https:\/\/sebastiandiezig.com\/wordpress\/wp-content\/uploads\/2023\/01\/Carla-Deplazes-und-Sebastian-Diezig-274x150.png 274w, https:\/\/sebastiandiezig.com\/wordpress\/wp-content\/uploads\/2023\/01\/Carla-Deplazes-und-Sebastian-Diezig.png 1024w\" sizes=\"auto, (max-width: 470px) 100vw, 470px\" \/><\/a><\/figure>\n\n\n\n<p><strong>Samstag, 28.1.2023, 11h15, Horw, Zentrumskapelle<\/strong><\/p>\n\n\n\n<p>Beethoven: 7 Variationen \u00fcber das Thema &#8220;Bei M\u00e4nnern, welche Liebe f\u00fchlen&#8221;<br>Stravinsky: Suite Italienne<\/p>\n\n\n\n<p>Carla Deplazes, Klavier<br>Sebastian Diezig, Cello<\/p>\n\n\n\n<p>&#8212;<\/p>\n\n\n\n<h3 class=\"wp-block-heading\">FEBRUAR 2023<\/h3>\n\n\n\n<figure class=\"wp-block-image size-large is-resized\"><a href=\"http:\/\/sebastiandiezig.com\/wordpress\/wp-content\/uploads\/2023\/01\/Sebastian-Diezig-und-Rene-Perler-1.png\"><img loading=\"lazy\" decoding=\"async\" src=\"http:\/\/sebastiandiezig.com\/wordpress\/wp-content\/uploads\/2023\/01\/Sebastian-Diezig-und-Rene-Perler-1-940x520.png\" alt=\"\" class=\"wp-image-4185\" style=\"width:470px;height:260px\" width=\"470\" height=\"260\" srcset=\"https:\/\/sebastiandiezig.com\/wordpress\/wp-content\/uploads\/2023\/01\/Sebastian-Diezig-und-Rene-Perler-1-940x520.png 940w, https:\/\/sebastiandiezig.com\/wordpress\/wp-content\/uploads\/2023\/01\/Sebastian-Diezig-und-Rene-Perler-1-416x230.png 416w, https:\/\/sebastiandiezig.com\/wordpress\/wp-content\/uploads\/2023\/01\/Sebastian-Diezig-und-Rene-Perler-1-580x321.png 580w, https:\/\/sebastiandiezig.com\/wordpress\/wp-content\/uploads\/2023\/01\/Sebastian-Diezig-und-Rene-Perler-1-768x425.png 768w, https:\/\/sebastiandiezig.com\/wordpress\/wp-content\/uploads\/2023\/01\/Sebastian-Diezig-und-Rene-Perler-1-695x384.png 695w, https:\/\/sebastiandiezig.com\/wordpress\/wp-content\/uploads\/2023\/01\/Sebastian-Diezig-und-Rene-Perler-1-271x150.png 271w, https:\/\/sebastiandiezig.com\/wordpress\/wp-content\/uploads\/2023\/01\/Sebastian-Diezig-und-Rene-Perler-1.png 1024w\" sizes=\"auto, (max-width: 470px) 100vw, 470px\" \/><\/a><\/figure>\n\n\n\n<p><strong>Sonntag, 19.2.2023, 17h, \u00dcberstorf, Kirche<\/strong><\/p>\n\n\n\n<p>Gregorianisch: Ubi caritas et amor<br>Johannes Vannius\/Wannenmacher: Zw\u00fcschen Berg und tieffe thal<br>Renato de Aguiar: Mosaicos<br>Johannes Vannius\/Wannenmacher: Entz\u00fcndt bin ich hertzlieb gen dir<br>Sebastian Diezig: Solosonate op. 3 (2020)<br>Josquin Desprez: Agnus Dei<br>Renato de Aguiar: Ein nicht abgeholter Blumenstrauss<\/p>\n\n\n\n<p>Ren\u00e9 Perler, Bassbariton<br>Sebastian Diezig, Cello<\/p>\n\n\n\n<p>&#8212;<\/p>\n\n\n\n<h3 class=\"wp-block-heading\">M\u00c4RZ 2023<\/h3>\n\n\n\n<p><strong>Mittwoch, 15.3.2023, H\u00fcnenberg<\/strong><\/p>\n\n\n\n<p>Privates Konzert<\/p>\n\n\n\n<p>Werke von Albeniz, Beethoven, Mozart, Dvorak und Paganini-Gerhart<\/p>\n\n\n\n<p>Jonas Erni, Violine<br>Alexander Besa, Viola<br>Sebastian Diezig, Cello <\/p>\n\n\n\n<p>&#8212;<\/p>\n\n\n\n<p><strong>Samstag, 25.3.2023, 16h30, Rapperswil<\/strong><\/p>\n\n\n\n<p>&#8220;Wort und Musik zur Fastenzeit&#8221;<\/p>\n\n\n\n<p>Beethoven Streichquartett op. 95 f-moll &#8220;Serioso&#8221;<br>Beethoven Streichquartett op. 132 a-moll<\/p>\n\n\n\n<p>Vector Quartett<br>Denitza Kucera, Violine I<br>Reiko Koi, Violine II<br>Bernd Haag, Viola<br>Sebastian Diezig, Cello<\/p>\n\n\n\n<p>&#8212;<\/p>\n\n\n\n<h3 class=\"wp-block-heading\">JUNI 2023<\/h3>\n\n\n\n<p><strong>Samstag, 23.6.2023, 17h30 und 19h, Kriens Museum Bellpark (Museumsnacht)<\/strong><\/p>\n\n\n\n<p>Programm tbd.<\/p>\n\n\n\n<p>Fiona Kraege, Violine I<br>Murielle Chevallier, Violine II<br>Madeleine Burkhalter, Viola<br>Sebastian Diezig, Cello<\/p>\n\n\n\n<p>&#8212;<\/p>\n\n\n\n<h3 class=\"wp-block-heading\">AUGUST 2023<\/h3>\n\n\n\n<p><strong>Freitag, 11.8.2023, Vittreux (F), Abbaye Notre-Dame d&#8217;Acey<\/strong><\/p>\n\n\n\n<p>Johann Sebastian Bach, Cellosuite Nr. 1 etc.<\/p>\n\n\n\n<p>&#8212;<\/p>\n\n\n\n<h3 class=\"wp-block-heading\">SEPTEMBER 2023<\/h3>\n\n\n\n<p><strong>Samstag, 2.9.2023, Luzern, Datum provisorisch reserviert<\/strong><\/p>\n\n\n\n<p>Streichtrio mit Jonas Erni (Violine) und Alexander Besa (Viola)<\/p>\n\n\n\n<p>&#8212;<\/p>\n\n\n\n<p><strong>Freitag, 8.9.2023, 9h30, Horw (Privates Konzert)<\/strong><\/p>\n\n\n\n<p>Werke von J. S. Bach, Bach-Gounod, Lovland und Simon and Garfunkel<\/p>\n\n\n\n<p>Carla Deplazes, Klavier<br>Sebastian Diezig, Cello<\/p>\n\n\n\n<h3 class=\"wp-block-heading\">DEZEMBER 2023<\/h3>\n\n\n\n<p><strong>Mittwoch, 27.12.2023, 17h, Blitzingen, Kirche<\/strong><\/p>\n\n\n\n<p>Traditionelles Konzert zum Jahresausklang<\/p>\n\n\n\n<p>Ren\u00e9 Perler, Bassbariton<br>Paula Novoa, Violine<br>Silvia Nowak, Blockfl\u00f6te &amp; Cembalo<br>Sebastian Diezig, Cello<\/p>\n\n\n\n<p>Mehr Details folgen.<\/p>\n","protected":false},"excerpt":{"rendered":"<p>JANUAR 2023 Samstag, 28.1.2023, 11h15, Horw, Zentrumskapelle Beethoven: 7 Variationen \u00fcber das Thema &#8220;Bei M\u00e4nnern, welche Liebe f\u00fchlen&#8221;Stravinsky: Suite Italienne Carla Deplazes, KlavierSebastian Diezig, Cello &#8212; FEBRUAR 2023 Sonntag, 19.2.2023, 17h, \u00dcberstorf, Kirche Gregorianisch: Ubi caritas et amorJohannes Vannius\/Wannenmacher: Zw\u00fcschen Berg und tieffe thalRenato de Aguiar: MosaicosJohannes Vannius\/Wannenmacher: Entz\u00fcndt bin ich hertzlieb gen dirSebastian Diezig: [&hellip;]<\/p>\n","protected":false},"author":1,"featured_media":4001,"parent":0,"menu_order":0,"comment_status":"closed","ping_status":"closed","template":"","meta":{"footnotes":""},"class_list":["post-4161","page","type-page","status-publish","has-post-thumbnail","hentry"],"jetpack_sharing_enabled":true,"_links":{"self":[{"href":"https:\/\/sebastiandiezig.com\/wordpress\/wp-json\/wp\/v2\/pages\/4161","targetHints":{"allow":["GET"]}}],"collection":[{"href":"https:\/\/sebastiandiezig.com\/wordpress\/wp-json\/wp\/v2\/pages"}],"about":[{"href":"https:\/\/sebastiandiezig.com\/wordpress\/wp-json\/wp\/v2\/types\/page"}],"author":[{"embeddable":true,"href":"https:\/\/sebastiandiezig.com\/wordpress\/wp-json\/wp\/v2\/users\/1"}],"replies":[{"embeddable":true,"href":"https:\/\/sebastiandiezig.com\/wordpress\/wp-json\/wp\/v2\/comments?post=4161"}],"version-history":[{"count":22,"href":"https:\/\/sebastiandiezig.com\/wordpress\/wp-json\/wp\/v2\/pages\/4161\/revisions"}],"predecessor-version":[{"id":4410,"href":"https:\/\/sebastiandiezig.com\/wordpress\/wp-json\/wp\/v2\/pages\/4161\/revisions\/4410"}],"wp:featuredmedia":[{"embeddable":true,"href":"https:\/\/sebastiandiezig.com\/wordpress\/wp-json\/wp\/v2\/media\/4001"}],"wp:attachment":[{"href":"https:\/\/sebastiandiezig.com\/wordpress\/wp-json\/wp\/v2\/media?parent=4161"}],"curies":[{"name":"wp","href":"https:\/\/api.w.org\/{rel}","templated":true}]}}