{"id":420,"date":"2013-08-25T15:31:09","date_gmt":"2013-08-25T13:31:09","guid":{"rendered":"http:\/\/sebastiandiezig.com\/wordpress\/?page_id=420"},"modified":"2013-08-28T19:10:39","modified_gmt":"2013-08-28T17:10:39","slug":"konzerte-2009-archiv","status":"publish","type":"page","link":"https:\/\/sebastiandiezig.com\/wordpress\/konzerte-2009-archiv\/","title":{"rendered":"Konzerte 2009 (Archiv)"},"content":{"rendered":"<p>Februar 2009<\/p>\n<p><strong>Celle (D), Schlosstheater,\u00a0<\/strong>5.2.2009, 20h<\/p>\n<dl>\n<dt>Chamber music with Amar-Quartett.\u00a0<\/dt>\n<dt>Joseph Haydn: Streichquartett Op. 77 Nr. 1 &#8220;Komplimentier-Quartett&#8221;<\/dt>\n<dt>Paul Hindemith: Streichquartett Nr. 7 in Es-Dur<\/dt>\n<dt>Pjotr Tschaikowsky: Streichquartett Nr. 3 op. 30 in es-moll<\/dt>\n<\/dl>\n<p><a href=\"http:\/\/www.schlosstheater-celle.de\/\" target=\"_parent\">Kammermusikring Schlosstheater Celle<\/a><\/p>\n<p>&nbsp;<\/p>\n<p>***<\/p>\n<p>&nbsp;<\/p>\n<p>M\u00e4rz 2009<\/p>\n<p><strong>Lugano,<\/strong>\u00a0<strong>Auditorio della Radio,<\/strong>\u00a06.3.2009<\/p>\n<p>Solist mit dem Orchestra della Svizzera Italiana, Dirigent: Howard Shelley<\/p>\n<dl>\n<dt>Programm: Andr\u00e9 Caplet, &#8220;Epiphanie&#8221; d&#8217;apr\u00e8s une l\u00e9gende \u00e9thiopienne, fresque pour violoncelle et orchestre (1923)<\/dt>\n<\/dl>\n<p>&nbsp;<\/p>\n<p><strong>Bensheim (D), Parktheater,\u00a0<\/strong>7.3.2009, 20h<\/p>\n<dl>\n<dt>Kammermusik mit dem Amar-Quartett.\u00a0<\/dt>\n<dt>Joseph Haydn: Streichquartett Op. 33, 2 in Es-Dur &#8220;Scherz-Quartett&#8221;<\/dt>\n<dt>Paul Hindemith: Streichquartett Nr. 7 in Es-Dur<\/dt>\n<dt>Pjotr Tschaikowsky: Streichquartett Nr. 3 op. 30 in es-moll<\/dt>\n<\/dl>\n<p><a href=\"http:\/\/www.kunstfreunde-bensheim.de\/index.php?seite=start\" target=\"_parent\">Kunstfreunde Bensheim e. V.<\/a><\/p>\n<p>&nbsp;<\/p>\n<p>***<\/p>\n<p>&nbsp;<\/p>\n<p>Juni 2009<\/p>\n<p><strong>Luxemburg, Grand Th\u00e9\u00e2tre de Luxembourg,\u00a0<\/strong>18.6.2009<\/p>\n<dl>\n<dt>Die sechs Cellosuiten von Johann Sebastian Bach.<\/dt>\n<dt>Mit Mattia Zappa (Suiten 1+6), David Pia (Suiten 2+5) und Sebastian Diezig (Suiten 3+4).<\/dt>\n<dt>Choreographie:\u00a0<a href=\"http:\/\/www.joachimschloemer.com\/\">Joachim Schloemer<\/a><\/dt>\n<\/dl>\n<p>&nbsp;<\/p>\n<p><strong>Luxemburg, Grand Th\u00e9\u00e2tre de Luxembourg,\u00a0<\/strong>19.6.2009<\/p>\n<dl>\n<dt>Die sechs Cellosuiten von Johann Sebastian Bach.<\/dt>\n<dt>Mit Mattia Zappa (Suiten 1+6), David Pia (Suiten 2+5) und Sebastian Diezig (Suiten 3+4).<\/dt>\n<dt>Choreographie:\u00a0<a href=\"http:\/\/www.joachimschloemer.com\/\" target=\"_parent\">Joachim Schloemer<\/a><\/dt>\n<dt><\/dt>\n<dt>***<\/dt>\n<dt><\/dt>\n<\/dl>\n<p>Oktober 2009<\/p>\n<p>17.10.2009<\/p>\n<dl>\n<dt>Privatkonzert.<\/dt>\n<dt>Bach 3. Suite<\/dt>\n<dt><\/dt>\n<dt>***<\/dt>\n<dt><\/dt>\n<\/dl>\n<p>November 2009<\/p>\n<p><strong>Oberwil CH, Gymnasium, Pavillon\u00a0<\/strong>14.11.2009<\/p>\n<dl>\n<dt>Solorezital<\/dt>\n<dt>Johann-Sebastian Bach: 3. Cellosuite<\/dt>\n<dt>Giovanni Sollima: La Folia (2007)<\/dt>\n<dt>Witold Lutoslawski: Sacher Variation (1975)<\/dt>\n<dt>Luciano Berio: Les mots sont all\u00e9s (1979)<\/dt>\n<dt>S\u00e1ndor Veress: Sonata per violoncello solo (1967)\u00a0<\/dt>\n<dt><strong><a href=\"http:\/\/sebastiandiezig.com\/pdf\/Programm_IKARUS%20Diezig_091114.pdf\" target=\"_blank\">Detailliertes Programm herunterladen (PDF)<\/a><\/strong><\/dt>\n<\/dl>\n<p><strong><a href=\"http:\/\/maps.google.de\/maps?f=q&amp;source=s_q&amp;hl=de&amp;geocode=&amp;q=Allschwilerstrasse+100,+4104+Oberwil&amp;sll=47.522376,7.54899&amp;sspn=0.011158,0.018647&amp;ie=UTF8&amp;hq=&amp;hnear=Allschwilerstrasse+100,+4104+Oberwil+(BL),+Basel-Land,+Schweiz&amp;t=h&amp;ll=47.523055,7.549839&amp;spn=0.011157,0.018647&amp;z=16\" target=\"_blank\">Adresse: Gymnasium Oberwil, Pavillon, Allschwillerstrasse 100, Oberwil BL<\/a><\/strong><\/p>\n","protected":false},"excerpt":{"rendered":"<p>Februar 2009 Celle (D), Schlosstheater,\u00a05.2.2009, 20h Chamber music with Amar-Quartett.\u00a0 Joseph Haydn: Streichquartett Op. 77 Nr. 1 &#8220;Komplimentier-Quartett&#8221; Paul Hindemith: Streichquartett Nr. 7 in Es-Dur Pjotr Tschaikowsky: Streichquartett Nr. 3 op. 30 in es-moll Kammermusikring Schlosstheater Celle &nbsp; *** &nbsp; M\u00e4rz 2009 Lugano,\u00a0Auditorio della Radio,\u00a06.3.2009 Solist mit dem Orchestra della Svizzera Italiana, Dirigent: Howard Shelley [&hellip;]<\/p>\n","protected":false},"author":1,"featured_media":520,"parent":0,"menu_order":0,"comment_status":"open","ping_status":"open","template":"","meta":{"footnotes":""},"class_list":["post-420","page","type-page","status-publish","has-post-thumbnail","hentry"],"jetpack_sharing_enabled":true,"_links":{"self":[{"href":"https:\/\/sebastiandiezig.com\/wordpress\/wp-json\/wp\/v2\/pages\/420","targetHints":{"allow":["GET"]}}],"collection":[{"href":"https:\/\/sebastiandiezig.com\/wordpress\/wp-json\/wp\/v2\/pages"}],"about":[{"href":"https:\/\/sebastiandiezig.com\/wordpress\/wp-json\/wp\/v2\/types\/page"}],"author":[{"embeddable":true,"href":"https:\/\/sebastiandiezig.com\/wordpress\/wp-json\/wp\/v2\/users\/1"}],"replies":[{"embeddable":true,"href":"https:\/\/sebastiandiezig.com\/wordpress\/wp-json\/wp\/v2\/comments?post=420"}],"version-history":[{"count":2,"href":"https:\/\/sebastiandiezig.com\/wordpress\/wp-json\/wp\/v2\/pages\/420\/revisions"}],"predecessor-version":[{"id":495,"href":"https:\/\/sebastiandiezig.com\/wordpress\/wp-json\/wp\/v2\/pages\/420\/revisions\/495"}],"wp:featuredmedia":[{"embeddable":true,"href":"https:\/\/sebastiandiezig.com\/wordpress\/wp-json\/wp\/v2\/media\/520"}],"wp:attachment":[{"href":"https:\/\/sebastiandiezig.com\/wordpress\/wp-json\/wp\/v2\/media?parent=420"}],"curies":[{"name":"wp","href":"https:\/\/api.w.org\/{rel}","templated":true}]}}