{"id":4372,"date":"2024-04-04T01:49:42","date_gmt":"2024-04-03T23:49:42","guid":{"rendered":"https:\/\/sebastiandiezig.com\/wordpress\/?page_id=4372"},"modified":"2026-01-23T23:15:18","modified_gmt":"2026-01-23T21:15:18","slug":"konzerte-2025","status":"publish","type":"page","link":"https:\/\/sebastiandiezig.com\/wordpress\/konzerte-2025\/","title":{"rendered":"Konzerte 2025 (Archiv)"},"content":{"rendered":"\n<p>&#8212;<\/p>\n\n\n\n<h3 class=\"wp-block-heading\">FEBRUAR 2025<\/h3>\n\n\n\n<p><strong>Sonntag, 2.2.2025, 11h15, Kriens, Orchesterhaus<\/strong><\/p>\n\n\n\n<p>Korngold: Streichquartett Nr. 3 D-Dur op. 34 (1945)<br>Dvo\u0159\u00e1k: Streichquintett Es-Dur op. 97 (1893)<\/p>\n\n\n\n<p>Vector-Quartett<br><strong>Denitza Kucera<\/strong>, Violine<br><strong>Reiko Koi<\/strong>, Violine<br><strong>Bernd Haag, Viola<br>Sebastian Diezig<\/strong>, Violoncello<br><strong>Jos\u00e9 Batista,<\/strong> Viola<\/p>\n\n\n\n<p>\u2014<\/p>\n\n\n\n<p><strong>Sonntag, 23.2.2025, 11h15, Kriens Orchesterhaus<\/strong><\/p>\n\n\n\n<p>Konzert mit dem Cellso Celloensemble.<\/p>\n\n\n\n<p>Mehr Details folgen.<\/p>\n\n\n\n<p>&#8212;<\/p>\n\n\n\n<p><strong>Sonntag, 23.2.2025, 17h, Zug, Liebfrauenkapelle<\/strong><\/p>\n\n\n\n<p>Beethoven: Streichtrio in G-Dur op. 9 Nr. 1<br>Mozart: Divertimento in Es-Dur KV 563<\/p>\n\n\n\n<p>Albor Rosenfeld, Violine<br>Alexander Besa, Viola<br>Sebastian Diezig, Cello<\/p>\n\n\n\n<p><\/p>\n\n\n\n<p>\u2014<\/p>\n\n\n\n<h3 class=\"wp-block-heading\">APRIL 2025<\/h3>\n\n\n\n<p><strong>Samstag, 5.4.2025, 17h, Rapperswil, Kapelle St. Ursula<\/strong><\/p>\n\n\n\n<p>Mozart: Streichquartett Nr. 15 in d-moll (KV 421)<br>Ravel: Streichquartett in F-Dur<\/p>\n\n\n\n<p>Vector Quartett<br>Denitza Kucera, Violine I<br>Reiko Koi, Violine II<br>Bernd Haag, Viola<br>Sebastian Diezig, Cello<\/p>\n\n\n\n<p>\u2014<\/p>\n\n\n\n<h3 class=\"wp-block-heading\">MAI 2025<\/h3>\n\n\n\n<p><strong>Sonntag, 18.5.2025, 11h15, Kriens, Orchesterhaus<\/strong><\/p>\n\n\n\n<p>Mozart: Klavierquartett Es-Dur KV 493 (1786)<br>Martinu: Klavierquartett Nr.1 d-Moll H. 287 (1942)<\/p>\n\n\n\n<p><strong>Petra Besa<\/strong>, Klavier<br><strong>Jonas Erni<\/strong>, Violine<br><strong>Alexander Besa<\/strong>, Viola<br><strong>Sebastian Diezig<\/strong>, Violoncello<\/p>\n\n\n\n<p>&#8212;<\/p>\n\n\n\n<h3 class=\"wp-block-heading\">JUNI 2025<\/h3>\n\n\n\n<p><strong>Freitag, 6.6.2025, 12h15, Fribourg, Centre le Ph\u00e9nix<\/strong><br><a href=\"https:\/\/centrelephenix.com\/centre_le_phenix\/Lunch_concerts.html\">https:\/\/centrelephenix.com\/centre_le_phenix\/Lunch_concerts.html<\/a><\/p>\n\n\n\n<p>Schubert: Arpeggione Sonate<br>Gonzalez: L&#8217;espoir d&#8217;une crainte (Urauff\u00fchrung)<\/p>\n\n\n\n<p><\/p>\n\n\n\n<p>J\u00fcrg Bitterli, Klavier<br>Sebastian Diezig, Cello<\/p>\n\n\n\n<p>&#8212;<\/p>\n\n\n\n<p><strong>Samstag, 14.6.2025, 11h15, Horw, Zentrumskapelle<\/strong><br><a href=\"https:\/\/www.kathhorw.ch\/bericht\/341\">https:\/\/www.kathhorw.ch\/bericht\/341<\/a><\/p>\n\n\n\n<p>Schubert: Arpeggione Sonate<\/p>\n\n\n\n<p>Carla Deplazes, Klavier<br>Sebastian Diezig, Cello<\/p>\n\n\n\n<p>&#8212;<\/p>\n\n\n\n<p><strong>Samstag, 14.6.2025, 17h, Zofingen, Stadtkirche<\/strong><\/p>\n\n\n\n<p>Bach: Aus der &#8220;Kunst der Fuge&#8221;<br>Krommer: Quartett f\u00fcr Violine, Viola, Cello und Fagott in B-Dur op. 46\/1<br>Mozart: Streichquartett Nr. 15 in d-moll (KV421)<\/p>\n\n\n\n<p>Vector Quartett und Markus Boppart (Fagott)<\/p>\n\n\n\n<p>&#8212;<\/p>\n\n\n\n<h3 class=\"wp-block-heading\">JULI 2025<\/h3>\n\n\n\n<p><strong>Donnerstag, 10.7.2025, 11h, Langenthal (Privates Konzert)<\/strong><\/p>\n\n\n\n<p>Bach: Arioso aus Kantate BWV 156<br>Massenet: M\u00e9ditation<br>Bach: Sarabande aus Suite Nr. 1<br>Brahms: Wiegenlied<br>Schubert: Adagio aus Arpeggione-Sonate<\/p>\n\n\n\n<p>Oleksandra Kopan, Klavier und Orgel<br>Sebastian Diezig, Cello<\/p>\n\n\n\n<p>&#8212;<\/p>\n\n\n\n<h3 class=\"wp-block-heading\">AUGUST 2025<\/h3>\n\n\n\n<p><strong>Samstag, 16.8.2025, Z\u00fcrich (Privates Konzert)<\/strong><\/p>\n\n\n\n<p>Medcadante: La Poesia<br>Goltermann: Serenade op. 119 Nr. 2<br>Faur\u00e9: Pavane<br>Anonymous: Potpourri<br>Mancini: Pink Panther<br>Boismortier: Sonata op. 34-4 arr. Kamada<\/p>\n\n\n\n<p>Jonas Vischi, Cello<br>Joachim M\u00fcller-Crepon, Cello<br>Beat Feigenwinter, Cello<br>Sebastian Diezig, Cello<\/p>\n\n\n\n<p>&#8212;<\/p>\n\n\n\n<h3 class=\"wp-block-heading\">SEPTEMBER 2025<\/h3>\n\n\n\n<p><strong>Freitag, 19.9.25, Bern (Privates Konzert)<\/strong><\/p>\n\n\n\n<p>Haydn: Streichquartett op. 77 Nr. 1 1. Satz<br>Mozart: Streichquartett Nr. 23 in F-Dur KV 590 (3.+4. Satz) <\/p>\n\n\n\n<p>Vector Quartett<\/p>\n\n\n\n<p>&#8212;<\/p>\n\n\n\n<p><strong>Freitag, 26.9.2025, Datum provisorisch reserviert.<\/strong><\/p>\n\n\n\n<p>&#8220;KlangXchange.&#8221;<\/p>\n\n\n\n<p>Mozart: Eine kleine Nachtmusik<br>Boulanger: Nocturne (Arr: William Newell)<br>Piazzolla N.N.<br>Bolcom: Poltergeist<br>Borodin: Nocturne aus Streichquartett Nr. 2<br>Gardel: Tango<\/p>\n\n\n\n<p>Vector Quartett. <\/p>\n\n\n\n<p>\u2014<\/p>\n\n\n\n<h3 class=\"wp-block-heading\">OKTOBER 2025<\/h3>\n\n\n\n<p><strong>Dienstag, 21.10.25, Luzern<\/strong><\/p>\n\n\n\n<p>Konzert mit dem Cellooktett des Luzerner Sinfonieorchester<\/p>\n\n\n\n<p>&#8212;<\/p>\n\n\n\n<p><strong>Sonntag, 26.10.25, Luzern<\/strong><\/p>\n\n\n\n<p>Konzert mit dem Cellooktett des Luzerner Sinfonieorchester<\/p>\n\n\n\n<p>&#8212;<\/p>\n\n\n\n<h3 class=\"wp-block-heading\">NOVEMBER 2025<\/h3>\n\n\n\n<p><strong>Sonntag, 30.11.25, Kriens, Orchesterhaus<\/strong><br><a href=\"https:\/\/sinfonieorchester.ch\/de\/veranstaltung\/kammermusik-matinee-2-vector-quartett\/\">https:\/\/sinfonieorchester.ch\/de\/veranstaltung\/kammermusik-matinee-2-vector-quartett\/<\/a><\/p>\n\n\n\n<p>Lili Boulanger: Nocturne (Arr. William Newell)<br>Mozart: Streichquartett Nr. 15 in d-moll (KV 414)<br>Ravel: Streichquartett F-Dur<\/p>\n\n\n\n<p>Vector Quartett<\/p>\n\n\n\n<p>&#8212;<\/p>\n\n\n\n<h3 class=\"wp-block-heading\">DEZEMBER 2025<\/h3>\n\n\n\n<p><strong>Freitag, 26.12.25, 17h, Stadtkirche Sursee<\/strong><\/p>\n\n\n\n<p>Jean Cras: Pr\u00e9ambule aus <em>Suite en Duo<\/em> f\u00fcr Fl\u00f6te und Harfe<br>Maurice Ravel: Introduction et Allegro f\u00fcr Hrf, Fl, Kl und Streichquartett<br>Wolfgang Amadeus Mozart: Divertimento in D-Dur KV 136<br>C.P.E. Bach: Doppelkonzert f\u00fcr Cembalo und Hammerklavier (Harfe) in Es Wq 47 (mit Fl, Kl und Streichquartett)<br>M. Ravel einige S\u00e4tze aus Ma m\u00e8re l&#8217;Oye arr. f\u00fcr Hrf, Fl, Kl und Streichquartett<\/p>\n\n\n\n<p>Franziska Brunner, Harfe<br>Daniela Achermann, Cembalo und Orgel<br>Jonas Erni, Violine<br>Sari Erni Amann, Violine<br>Alexander Besa, Viola<br>Sebastian Diezig, CelloPr\u00e9ambule aus <em>Suite en Duo<\/em> f\u00fcr Fl\u00f6te und Harfe<\/p>\n\n\n\n<p>&#8212;<\/p>\n\n\n\n<p><strong>Sonntag, 28.12.25, Blitzingen, Termin provisorisch reserviert<\/strong><\/p>\n\n\n\n<p>Mehr Details folgen<\/p>\n\n\n\n<p>Ren\u00e9 Perler, Bassbariton<br>Silvia Nowak, Blockfl\u00f6ten und Cembalo<br>Paula Novoa, Violine<br>Sebastian Diezig, Cello<\/p>\n","protected":false},"excerpt":{"rendered":"<p>&#8212; FEBRUAR 2025 Sonntag, 2.2.2025, 11h15, Kriens, Orchesterhaus Korngold: Streichquartett Nr. 3 D-Dur op. 34 (1945)Dvo\u0159\u00e1k: Streichquintett Es-Dur op. 97 (1893) Vector-QuartettDenitza Kucera, ViolineReiko Koi, ViolineBernd Haag, ViolaSebastian Diezig, VioloncelloJos\u00e9 Batista, Viola \u2014 Sonntag, 23.2.2025, 11h15, Kriens Orchesterhaus Konzert mit dem Cellso Celloensemble. Mehr Details folgen. &#8212; Sonntag, 23.2.2025, 17h, Zug, Liebfrauenkapelle Beethoven: Streichtrio in [&hellip;]<\/p>\n","protected":false},"author":1,"featured_media":0,"parent":0,"menu_order":0,"comment_status":"closed","ping_status":"closed","template":"","meta":{"footnotes":""},"class_list":["post-4372","page","type-page","status-publish","hentry"],"jetpack_sharing_enabled":true,"_links":{"self":[{"href":"https:\/\/sebastiandiezig.com\/wordpress\/wp-json\/wp\/v2\/pages\/4372","targetHints":{"allow":["GET"]}}],"collection":[{"href":"https:\/\/sebastiandiezig.com\/wordpress\/wp-json\/wp\/v2\/pages"}],"about":[{"href":"https:\/\/sebastiandiezig.com\/wordpress\/wp-json\/wp\/v2\/types\/page"}],"author":[{"embeddable":true,"href":"https:\/\/sebastiandiezig.com\/wordpress\/wp-json\/wp\/v2\/users\/1"}],"replies":[{"embeddable":true,"href":"https:\/\/sebastiandiezig.com\/wordpress\/wp-json\/wp\/v2\/comments?post=4372"}],"version-history":[{"count":43,"href":"https:\/\/sebastiandiezig.com\/wordpress\/wp-json\/wp\/v2\/pages\/4372\/revisions"}],"predecessor-version":[{"id":4674,"href":"https:\/\/sebastiandiezig.com\/wordpress\/wp-json\/wp\/v2\/pages\/4372\/revisions\/4674"}],"wp:attachment":[{"href":"https:\/\/sebastiandiezig.com\/wordpress\/wp-json\/wp\/v2\/media?parent=4372"}],"curies":[{"name":"wp","href":"https:\/\/api.w.org\/{rel}","templated":true}]}}