{"id":67,"date":"2013-08-22T23:51:03","date_gmt":"2013-08-22T21:51:03","guid":{"rendered":"http:\/\/sebastiandiezig.com\/wordpress\/?page_id=67"},"modified":"2025-12-11T13:52:49","modified_gmt":"2025-12-11T11:52:49","slug":"kontakt","status":"publish","type":"page","link":"https:\/\/sebastiandiezig.com\/wordpress\/kontakt\/","title":{"rendered":"Kontakt"},"content":{"rendered":"\n<p><strong>Bitte kontaktieren Sie mich \u00fcber untenstehendes Formular.<br><br>Ich werde Ihnen so schnell wie m\u00f6glich pers\u00f6nlich Antwort geben.<\/strong><\/p>\n\n\n\n<p><strong><em>Please use the form below to contact me.<br>\nI will answer personally as quickly as possible.<\/em><\/strong><\/p>\n\n\n<div class=\"wp-block-jetpack-contact-form is-layout-flex wp-container-jetpack-contact-form-is-layout-2b4208ba wp-block-jetpack-contact-form-is-layout-flex\"><a href=\"https:\/\/sebastiandiezig.com\/wordpress\/kontakt\/\" target=\"_blank\" rel=\"noopener noreferrer\">Submit a form.<\/a><\/div>","protected":false},"excerpt":{"rendered":"<p>Bitte kontaktieren Sie mich \u00fcber untenstehendes Formular. Ich werde Ihnen so schnell wie m\u00f6glich pers\u00f6nlich Antwort geben. Please use the form below to contact me. I will answer personally as quickly as possible.<\/p>\n","protected":false},"author":1,"featured_media":4491,"parent":0,"menu_order":0,"comment_status":"open","ping_status":"open","template":"","meta":{"footnotes":""},"class_list":["post-67","page","type-page","status-publish","has-post-thumbnail","hentry"],"jetpack_sharing_enabled":true,"_links":{"self":[{"href":"https:\/\/sebastiandiezig.com\/wordpress\/wp-json\/wp\/v2\/pages\/67","targetHints":{"allow":["GET"]}}],"collection":[{"href":"https:\/\/sebastiandiezig.com\/wordpress\/wp-json\/wp\/v2\/pages"}],"about":[{"href":"https:\/\/sebastiandiezig.com\/wordpress\/wp-json\/wp\/v2\/types\/page"}],"author":[{"embeddable":true,"href":"https:\/\/sebastiandiezig.com\/wordpress\/wp-json\/wp\/v2\/users\/1"}],"replies":[{"embeddable":true,"href":"https:\/\/sebastiandiezig.com\/wordpress\/wp-json\/wp\/v2\/comments?post=67"}],"version-history":[{"count":47,"href":"https:\/\/sebastiandiezig.com\/wordpress\/wp-json\/wp\/v2\/pages\/67\/revisions"}],"predecessor-version":[{"id":4636,"href":"https:\/\/sebastiandiezig.com\/wordpress\/wp-json\/wp\/v2\/pages\/67\/revisions\/4636"}],"wp:featuredmedia":[{"embeddable":true,"href":"https:\/\/sebastiandiezig.com\/wordpress\/wp-json\/wp\/v2\/media\/4491"}],"wp:attachment":[{"href":"https:\/\/sebastiandiezig.com\/wordpress\/wp-json\/wp\/v2\/media?parent=67"}],"curies":[{"name":"wp","href":"https:\/\/api.w.org\/{rel}","templated":true}]}}