{"id":886,"date":"2013-12-11T12:57:57","date_gmt":"2013-12-11T10:57:57","guid":{"rendered":"http:\/\/sebastiandiezig.com\/wordpress\/?page_id=886"},"modified":"2016-05-08T11:17:58","modified_gmt":"2016-05-08T09:17:58","slug":"konzerte-2015","status":"publish","type":"page","link":"https:\/\/sebastiandiezig.com\/wordpress\/konzerte-2015\/","title":{"rendered":"Konzerte 2015 (Archiv)"},"content":{"rendered":"<h2><strong>JANUAR 2015<\/strong><\/h2>\n<p><strong>Fr, 23.1.2015, 12h15,\u00a0Fribourg, Centre le Ph\u00e9nix<\/strong><\/p>\n<p>Ravel Sonate f\u00fcr Violine und Cello<br \/>\nH\u00e4ndel-Halvorsen Passacaglia<\/p>\n<p>Anja R\u00f6hn, Violine<br \/>\nSebastian Diezig, Cello<\/p>\n<p>&#8212;<\/p>\n<p><strong>Fr, 30.1.2015, 20h, Basel, Barakuba im Gundeldinger Feld, Dornacherstr. 192<\/strong><\/p>\n<p>Ein kammermusikalischer Abend mit Werken von Joachim Jesse<\/p>\n<p><a href=\"http:\/\/www.joachimjesse.com\">Joachim Jesse<\/a>: 20 Celloduos<br \/>\nJoachim Jesse: &#8220;Lieder ohne Worte&#8221;<\/p>\n<p>Beat Feigenwinter, Cello<br \/>\nSebastian Diezig, Cello<\/p>\n<p>Terzett Low:<br \/>\nThomas-Maria Reck &#8211; Alina Kohut &#8211; Joachim Jesse<\/p>\n<p>&#8212;<\/p>\n<h2><strong>FEBRUAR 2015<\/strong><\/h2>\n<p><strong>So, 1.2.2015, 11h, Luzern, Theater (Foyer)<\/strong><\/p>\n<p>Franz Schubert: Streichquartett Es-Dur (D87)<br \/>\nFranz Schubert: Streichquartett Nr. 12 c-moll &#8220;Quartettsatz&#8221; (D703)<br \/>\nLudwig Spohr: Doppelquartett Nr. 1 d-moll op. 65<\/p>\n<p>Denitza Kucera, Julian Fels, Reiko Koi, Keiko Yamaguchi (Violinen), Bernd Haag, Madeleine Burkhalter (Violen), Anne-Christine Vandewalle, Sebastian Diezig (Celli)<\/p>\n<p>&#8212;<\/p>\n<h2><strong>M\u00c4RZ\u00a02015<\/strong><\/h2>\n<p><strong>Fr, 13.3.2015, 12h15,\u00a0Fribourg, Centre le Ph\u00e9nix<\/strong><\/p>\n<p>Schumann Adagio und Allegro (Version f\u00fcr Kontrabass und Klavier)<br \/>\nBottesini Duo concertant sur le th\u00e8me des Puritains (Cello, Kontrabass und Klavier)<\/p>\n<p>Sebastian Diezig, Cello<br \/>\nRandy Barboza, Kontrabass<br \/>\nGabriela Dostalov\u00e1, Klavier<\/p>\n<p>&#8212;<\/p>\n<h2><strong>APRIL 2015<\/strong><\/h2>\n<p>&nbsp;<\/p>\n<p><a href=\"http:\/\/sebastiandiezig.com\/wordpress\/wp-content\/uploads\/2013\/12\/IMG_51951.jpg\"><img loading=\"lazy\" decoding=\"async\" class=\"alignnone wp-image-1931\" src=\"http:\/\/sebastiandiezig.com\/wordpress\/wp-content\/uploads\/2013\/12\/IMG_51951-580x387.jpg\" alt=\"Orchestre des Jeunes de Fribourg\" width=\"220\" height=\"147\" srcset=\"https:\/\/sebastiandiezig.com\/wordpress\/wp-content\/uploads\/2013\/12\/IMG_51951-580x387.jpg 580w, https:\/\/sebastiandiezig.com\/wordpress\/wp-content\/uploads\/2013\/12\/IMG_51951-416x277.jpg 416w, https:\/\/sebastiandiezig.com\/wordpress\/wp-content\/uploads\/2013\/12\/IMG_51951.jpg 600w\" sizes=\"auto, (max-width: 220px) 100vw, 220px\" \/><\/a><a href=\"http:\/\/sebastiandiezig.com\/wordpress\/wp-content\/uploads\/2013\/12\/iu.jpeg\"><img loading=\"lazy\" decoding=\"async\" class=\"alignleft wp-image-1933\" src=\"http:\/\/sebastiandiezig.com\/wordpress\/wp-content\/uploads\/2013\/12\/iu.jpeg\" alt=\"Theophanis Kapsopoulos\" width=\"98\" height=\"147\" \/><\/a><\/p>\n<p><strong>So, 26.4.2015, 18h, Fribourg, Salle de lecture de la BCU<\/strong><\/p>\n<p>Schubert: Arpeggione Sonate f\u00fcr Cello und Streichorchester<br \/>\nVivaldi Cello-Doppelkonzert<\/p>\n<p>Sebastian Diezig, Cello<br \/>\nJoachim Fl\u00fceler, Cello<br \/>\n<a href=\"http:\/\/www.ojf.ch\">Jugendorchester Freiburg<\/a>, Dirigent: Th\u00e9ophanis Kapsopoulos<\/p>\n<p>&#8212;<\/p>\n<p><strong>Dienstag, 28.4.2015, 10h-12h15, Zug, International School Campus H\u00fcnenberg.<\/strong><\/p>\n<p>Konzert f\u00fcr die Sch\u00fclerinnen und Sch\u00fcler und &#8220;Masterclass&#8221;.<\/p>\n<p>Schubert, Klaviertrio Es-Dur 1. Satz<br \/>\nH\u00e4ndel-Halvorsen, Passacaglia f\u00fcr Violine und Cello<br \/>\nPiazzolla, N.N.<\/p>\n<p>Anja R\u00f6hn (Violine), Sebastian Diezig (Cello), Paul Suits (Klavier)<\/p>\n<p>&#8212;<\/p>\n<h2><strong>MAI 2015<\/strong><\/h2>\n<p><strong>Fr, 1.5.2015,\u00a0Basel, 19h30 (privates Konzert)<\/strong><\/p>\n<p>Schubert Klaviertrio Es-Dur<br \/>\nPiazzolla N.N.<\/p>\n<p>Anja R\u00f6hn (Violine), Sebastian Diezig (Cello), Paul Suits (Klavier)<\/p>\n<p>&#8212;<\/p>\n<p><strong>So, 3.5.2015, Luzern, Theater (Foyer), 11h<\/strong><\/p>\n<p>Schubert Klaviertrio Es-Dur<\/p>\n<p>Anja R\u00f6hn (Violine), Sebastian Diezig (Cello), Paul Suits (Klavier)<\/p>\n<p>&#8212;<\/p>\n<p><a href=\"http:\/\/sebastiandiezig.com\/wordpress\/wp-content\/uploads\/2014\/11\/Bild.jpg\"><img loading=\"lazy\" decoding=\"async\" class=\" wp-image-1678 alignnone\" src=\"http:\/\/sebastiandiezig.com\/wordpress\/wp-content\/uploads\/2014\/11\/Bild-580x344.jpg\" alt=\"Vector Quartett Luzern\" width=\"300\" height=\"178\" srcset=\"https:\/\/sebastiandiezig.com\/wordpress\/wp-content\/uploads\/2014\/11\/Bild-580x344.jpg 580w, https:\/\/sebastiandiezig.com\/wordpress\/wp-content\/uploads\/2014\/11\/Bild-416x247.jpg 416w, https:\/\/sebastiandiezig.com\/wordpress\/wp-content\/uploads\/2014\/11\/Bild-940x558.jpg 940w, https:\/\/sebastiandiezig.com\/wordpress\/wp-content\/uploads\/2014\/11\/Bild-695x412.jpg 695w, https:\/\/sebastiandiezig.com\/wordpress\/wp-content\/uploads\/2014\/11\/Bild.jpg 2048w\" sizes=\"auto, (max-width: 300px) 100vw, 300px\" \/><\/a><\/p>\n<p><strong>Fr, 8.5.2015, Luzern, International Church,\u00a0Z\u00e4hringerstrasse 7, 19h30<br \/>\n<\/strong><\/p>\n<p>Dvorak Streichquartett op. 96 &#8220;Amerikanisches&#8221;<br \/>\nDvorak Streichquintett op. 97 &#8220;Amerikanisches&#8221;<\/p>\n<p>Vector Quartett (Denitza Kucera &amp; Reiko Koi, Violinen \/ Bernd Haag, Bratsche \/ Sebastian Diezig, Cello) und Alexander Besa (Bratsche)<\/p>\n<p>&#8212;<\/p>\n<p><strong>Do, 14.5.2015, Luzern, Kirche Weinbergli, 17h<\/strong><\/p>\n<p>Dvorak Streichquartett op. 96 &#8220;Amerikanisches&#8221;<br \/>\nDvorak Streichquintett op. 97 &#8220;Amerikanisches&#8221;<\/p>\n<p>Vector Quartett (Denitza Kucera &amp; Reiko Koi, Violinen \/ Bernd Haag, Bratsche \/ Sebastian Diezig, Cello) und Alexander Besa (Bratsche)<\/p>\n<p>&#8212;<\/p>\n<p><strong>Mo, 25.5.2015, Grafenort, 11h<\/strong><\/p>\n<p>Dvorak Streichquartett op. 96 &#8220;Amerikanisches&#8221;<br \/>\nDvorak Streichquintett op. 97 &#8220;Amerikanisches&#8221;<\/p>\n<p>Vector Quartett (Denitza Kucera &amp; Reiko Koi, Violinen \/ Bernd Haag, Bratsche \/ Sebastian Diezig, Cello) und Alexander Besa (Bratsche)<\/p>\n<p>&#8212;<\/p>\n<h2><strong>JUNI\u00a02015<\/strong><\/h2>\n<p><strong>Di, 2.6.2015, 19h30, Luzern, Privates Konzert<br \/>\n<\/strong><\/p>\n<p>Kammermusik mit Vector Quartett und Stojan Krkuleski (Klarinette)<\/p>\n<p>Brahms: Klarinettenquintett h-moll, 1. Satz<br \/>\nMozart: Klarinettenquintett A-Dur, 3. und 4. Satz<br \/>\nMonti: &#8220;Czardas&#8221; Bearbeitung f\u00fcr Klarinette und Quartett<\/p>\n<p>&#8212;<\/p>\n<p><strong>Fr, 26.6.2015,\u00a020h, St. Ursen, Kirche<br \/>\n<\/strong><\/p>\n<p>&#8220;Klassische Musik f\u00fcr St. Ursen&#8221;<\/p>\n<p>Georg Friedrich H\u00e4ndel: drei Arien aus &#8220;Neun deutsche Arien&#8221;<br \/>\nGiovanni Paolo Cima: Triosonate in a-moll<br \/>\nAntonio Vivaldi: Sonate f\u00fcr Violine und basso continue in d-moll RV12<br \/>\nJean-Philippe Rameau: Rigaudons f\u00fcr Cembalo<br \/>\nAlessandro Stradella: &#8220;Signor, piet\u00e0&#8221;<br \/>\nAlfredo Piatti: Capriccio f\u00fcr Violoncello solo Nr. 4<br \/>\nLudwig van Beethoven: Aus dem Duo f\u00fcr Violine und Violoncello Nr. 3 in B-Dur: 1. Allegro sostenuto<br \/>\nBenedetto Marcello: Aus der Sonate f\u00fcr Blockfl\u00f6te und Basso Continuo in d-moll: II. Allegro &#8211; IV. Presto<\/p>\n<p>Silvia Nowak (Cembalo &amp; Blockfl\u00f6te) , Paula Novoa (Violine), Bernard Maillard (Tenor), Sebastian Diezig (Cello)<\/p>\n<p>&#8212;<\/p>\n<h2><strong>JULI\u00a02015<\/strong><\/h2>\n<p><strong>So, 12.7.2015, 14h30,\u00a0Luzern (privates Konzert)<\/strong><\/p>\n<div class=\"page\" title=\"Page 2\">\n<div class=\"layoutArea\">\n<div class=\"column\">\n<p>Beethoven, Duo Nr. 3\u00a0<span id=\"eow-title\" class=\"watch-title \" dir=\"ltr\" title=\"Ludwig van Beethoven - WoO 27:3 - Duo no 3 in B flat major for clarinet &amp; bassoon\">WoO 27:3\u00a0<\/span>f\u00fcr Violine und Violoncello (original f\u00fcr Klarinette\u00a0und Fagott)<br \/>\nGli\u00e8re, Ausz\u00fcge aus &#8220;huits morceaux&#8221;<\/p>\n<\/div>\n<div class=\"column\">\n<p>Paula Novoa, Violine<br \/>\nSebastian Diezig, Cello<br \/>\n&#8212;<\/p>\n<\/div>\n<\/div>\n<\/div>\n<h2><strong>AUGUST\u00a02015<\/strong><\/h2>\n<p><strong>Mi, 5.8.2015, 20h00,\u00a0Rheinau,\u00a0Klostersch\u00fc\u00fcr<\/strong><\/p>\n<div class=\"page\" title=\"Page 2\">\n<div class=\"layoutArea\">\n<div class=\"column\">\n<p>Fran\u00e7ois Devienne (1759-1803):\u00a0Quartett in g-Moll op. 73\/3 f\u00fcr Fagott und Streichtrio<br \/>\nLudwig van Beethoven (1770-1827):\u00a0Serenade in D-Dur op. 25 f\u00fcr Fl\u00f6te, Violine und Viola<br \/>\nWolfgang Amadeus Mozart (1756-1791): Quartett in F-Dur KV 370 f\u00fcr Oboe und Streichtrio<\/p>\n<p>Sarah Rumer, Fl\u00f6te<br \/>\nLucas Macias Navarro, Oboe<br \/>\nMatthias Racz, Fagott<br \/>\nJonas Erni, Violine<br \/>\nAlexander Besa, Viola<br \/>\nSebastian Diezig, Violoncello<\/p>\n<\/div>\n<\/div>\n<\/div>\n<p>&#8212;<\/p>\n<p><strong>So, 9.8.2015, 15h, Castelmur<\/strong><\/p>\n<p>Celloquartett &#8220;Helveticelli&#8221; mit Albert Roman, Sebastian Diezig u.a.<br \/>\nWerke von Alb\u00e9niz, J. S. Bach, Brahms, Gr\u00fctzmacher, Goltermann, Krein, Laboccetta, Matz, Piazzolla, Schubert und \u00a0Telemann.<\/p>\n<p>&#8212;<\/p>\n<p><strong>Sa, 15.8.2015, Blitzingen,\u00a0Kirche<\/strong><\/p>\n<p>Konzert zur Einweihung der restaurierten Kirche<\/p>\n<p>Giovanni Paolo Cima: Triosonate in a-moll<br \/>\nGeorg Friedrich H\u00e4ndel: zwei\u00a0Arien aus &#8220;Neun deutsche Arien&#8221;<br \/>\nAntonio Vivaldi: Sonate f\u00fcr Violine und basso continue in d-moll RV12<br \/>\nJean-Philippe Rameau: Rigaudons f\u00fcr Cembalo<br \/>\nAlessandro Stradella: &#8220;Signor, piet\u00e0&#8221;<br \/>\nAlfredo Piatti: Capriccio f\u00fcr Violoncello solo Nr. 5<br \/>\nMozart: Aus Don Giovanni &#8220;Deh vieni alla finestra&#8221;.<br \/>\nBenedetto Marcello: Aus der Sonate f\u00fcr Blockfl\u00f6te und Basso Continuo in d-moll: II. Allegro &#8211; IV. Presto<br \/>\nLudwig van Beethoven: Aus dem Duo f\u00fcr Violine und Violoncello Nr. 3 in B-Dur: 1. Allegro sostenuto<br \/>\nMozart: Rezitativ und Kavatine des Figaro<\/p>\n<p>Silvia Nowak (Cembalo &amp; Blockfl\u00f6te) , Paula Novoa (Violine), Bernard Maillard (Tenor), Sebastian Diezig (Cello)<\/p>\n<p>Bernards Maillard, Tenor<br \/>\nPaula Novoa, Violine<br \/>\nSilvia Nowak, Blockfl\u00f6ten und Cembalo<br \/>\nSebastian Diezig, Cello<\/p>\n<p>&#8212;<\/p>\n<h2><strong>SEPTEMBER\u00a02015<\/strong><\/h2>\n<p><strong>Mi, 30.9.2015, ca.\u00a018h,\u00a0Luzern, Privates Konzert<\/strong><\/p>\n<p>Mit Jonas Erni (Violine), Alexander Besa (Bratsche) u. a.<\/p>\n<p>&#8212;<\/p>\n<h2><strong>OKTOBER\u00a02015<\/strong><\/h2>\n<p><strong>So, 11.10.2015, 11h, Festival &#8220;le Bois qui chante&#8221;,\u00a0Ch\u00e2teau d&#8217;Oex<\/strong><\/p>\n<p>Cellooktett FriCelli<\/p>\n<p>Joaqu\u00edn Rodrigo (1901-1999), Dos Piezas Caballerescas pour orchestre de violoncelles (1945)<br \/>\nMichel Hostettler (1940), Automnales pour quatuor ou orchestre de violoncelles (2013)<br \/>\nAstor Piazzola (1921-1992)<br \/>\n&#8211; Libertango (arr. C. Nozzi, Violonchelos Argentinos)<br \/>\n&#8211; La Muerte del Angel (arr. C. Nozzi)<br \/>\n&#8211; Oblivi\u00f3n (arr. P.-B. Sudan)<br \/>\n&#8211; Adios Nonino (arr. J. Bragato)<br \/>\nHeitor Villa-Lobos (1887-1959), Bachianas I pour orchestre de violoncelles<\/p>\n<p>&#8212;<\/p>\n<p><strong>Sa, 24.10.2015, 18h00,\u00a0Luzern, International Church<\/strong><\/p>\n<p>Schubert Streichquartett Nr. 14 d-moll D810 &#8220;Der Tod und das M\u00e4dchen&#8221;<br \/>\nMatthus Streichquartett &#8220;Das M\u00e4dchen und der Tod&#8221;<\/p>\n<p>Vector Quartett (Denitza Kucera &amp; Reiko Koi, Violinen \/ Bernd Haag, Bratsche \/ Sebastian Diezig, Cello)<\/p>\n<p>&#8212;<\/p>\n<p><strong>So, 25.10.2015, 11h00,\u00a0<\/strong><strong>Grafenort,\u00a0Herrenhaus<\/strong><\/p>\n<p>Schubert Streichquartett Nr. 14 d-moll D810 &#8220;Der Tod und das M\u00e4dchen&#8221;<br \/>\nMatthus Streichquartett &#8220;Das M\u00e4dchen und der Tod&#8221;<\/p>\n<p>Vector Quartett (Denitza Kucera &amp; Reiko Koi, Violinen \/ Bernd Haag, Bratsche \/ Sebastian Diezig, Cello)<\/p>\n<p>&#8212;<\/p>\n<h2><strong>DEZEMBER\u00a02015<\/strong><\/h2>\n<p><strong>So, 27.12.2015, 17h,\u00a0Blitzingen, Termin provisorisch reserviert<\/strong><\/p>\n<p>&nbsp;<\/p>\n","protected":false},"excerpt":{"rendered":"<p>JANUAR 2015 Fr, 23.1.2015, 12h15,\u00a0Fribourg, Centre le Ph\u00e9nix Ravel Sonate f\u00fcr Violine und Cello H\u00e4ndel-Halvorsen Passacaglia Anja R\u00f6hn, Violine Sebastian Diezig, Cello &#8212; Fr, 30.1.2015, 20h, Basel, Barakuba im Gundeldinger Feld, Dornacherstr. 192 Ein kammermusikalischer Abend mit Werken von Joachim Jesse Joachim Jesse: 20 Celloduos Joachim Jesse: &#8220;Lieder ohne Worte&#8221; Beat Feigenwinter, Cello Sebastian Diezig, [&hellip;]<\/p>\n","protected":false},"author":1,"featured_media":1131,"parent":0,"menu_order":0,"comment_status":"open","ping_status":"closed","template":"","meta":{"footnotes":""},"class_list":["post-886","page","type-page","status-publish","has-post-thumbnail","hentry"],"jetpack_sharing_enabled":true,"_links":{"self":[{"href":"https:\/\/sebastiandiezig.com\/wordpress\/wp-json\/wp\/v2\/pages\/886","targetHints":{"allow":["GET"]}}],"collection":[{"href":"https:\/\/sebastiandiezig.com\/wordpress\/wp-json\/wp\/v2\/pages"}],"about":[{"href":"https:\/\/sebastiandiezig.com\/wordpress\/wp-json\/wp\/v2\/types\/page"}],"author":[{"embeddable":true,"href":"https:\/\/sebastiandiezig.com\/wordpress\/wp-json\/wp\/v2\/users\/1"}],"replies":[{"embeddable":true,"href":"https:\/\/sebastiandiezig.com\/wordpress\/wp-json\/wp\/v2\/comments?post=886"}],"version-history":[{"count":62,"href":"https:\/\/sebastiandiezig.com\/wordpress\/wp-json\/wp\/v2\/pages\/886\/revisions"}],"predecessor-version":[{"id":2495,"href":"https:\/\/sebastiandiezig.com\/wordpress\/wp-json\/wp\/v2\/pages\/886\/revisions\/2495"}],"wp:featuredmedia":[{"embeddable":true,"href":"https:\/\/sebastiandiezig.com\/wordpress\/wp-json\/wp\/v2\/media\/1131"}],"wp:attachment":[{"href":"https:\/\/sebastiandiezig.com\/wordpress\/wp-json\/wp\/v2\/media?parent=886"}],"curies":[{"name":"wp","href":"https:\/\/api.w.org\/{rel}","templated":true}]}}